{"id":127,"date":"2018-08-22T11:30:35","date_gmt":"2018-08-22T16:30:35","guid":{"rendered":"https:\/\/coacep.com.co\/?page_id=127"},"modified":"2020-06-07T16:49:09","modified_gmt":"2020-06-07T21:49:09","slug":"afiliaciones","status":"publish","type":"page","link":"https:\/\/coacep.com.co\/?page_id=127","title":{"rendered":"Afiliaciones"},"content":{"rendered":"\t\t<div data-elementor-type=\"wp-page\" data-elementor-id=\"127\" class=\"elementor elementor-127 elementor-bc-flex-widget\" data-elementor-settings=\"[]\">\n\t\t\t\t\t\t\t<div class=\"elementor-section-wrap\">\n\t\t\t\t\t\t\t<section class=\"elementor-section elementor-top-section elementor-element elementor-element-742bdbc elementor-section-boxed elementor-section-height-default elementor-section-height-default\" data-id=\"742bdbc\" data-element_type=\"section\">\n\t\t\t\t\t\t<div class=\"elementor-container elementor-column-gap-default\">\n\t\t\t\t\t<div class=\"elementor-column elementor-col-100 elementor-top-column elementor-element elementor-element-6539ca6\" data-id=\"6539ca6\" data-element_type=\"column\">\n\t\t\t<div class=\"elementor-widget-wrap elementor-element-populated\">\n\t\t\t\t\t\t\t\t<section class=\"elementor-section elementor-inner-section elementor-element elementor-element-b915b37 elementor-section-boxed elementor-section-height-default elementor-section-height-default\" data-id=\"b915b37\" data-element_type=\"section\">\n\t\t\t\t\t\t<div class=\"elementor-container elementor-column-gap-default\">\n\t\t\t\t\t<div class=\"elementor-column elementor-col-50 elementor-inner-column elementor-element elementor-element-30f575f\" data-id=\"30f575f\" data-element_type=\"column\">\n\t\t\t<div class=\"elementor-widget-wrap elementor-element-populated\">\n\t\t\t\t\t\t\t\t<div class=\"elementor-element elementor-element-3408bc7 elementor-widget elementor-widget-text-editor\" data-id=\"3408bc7\" data-element_type=\"widget\" data-widget_type=\"text-editor.default\">\n\t\t\t\t<div class=\"elementor-widget-container\">\n\t\t\t<style>\/*! elementor - v3.5.4 - 23-01-2022 *\/\n.elementor-widget-text-editor.elementor-drop-cap-view-stacked .elementor-drop-cap{background-color:#818a91;color:#fff}.elementor-widget-text-editor.elementor-drop-cap-view-framed .elementor-drop-cap{color:#818a91;border:3px solid;background-color:transparent}.elementor-widget-text-editor:not(.elementor-drop-cap-view-default) .elementor-drop-cap{margin-top:8px}.elementor-widget-text-editor:not(.elementor-drop-cap-view-default) .elementor-drop-cap-letter{width:1em;height:1em}.elementor-widget-text-editor .elementor-drop-cap{float:left;text-align:center;line-height:1;font-size:50px}.elementor-widget-text-editor .elementor-drop-cap-letter{display:inline-block}<\/style>\t\t\t\t<p><em><strong>Diligenciar el Formulario de Afiliaci\u00f3n para ser Admitido<\/strong><\/em><\/p><ul><li>Docentes y Administrativos Secretar\u00eda de Educaci\u00f3n Departamental del Putumayo y Cauca<ul><li>Copia de C\u00e9dula de Ciudadan\u00eda<\/li><li>Copia del \u00faltimo desprendible de pago<\/li><li>Copia de Acta de Nombramiento<\/li><\/ul><\/li><\/ul><p>\u00a0<\/p><ul><li>Particulares, Comerciantes e\u00a0 Independientes<ul><li>Copia de la C\u00e9dula<\/li><li>Certificado Laboral<\/li><\/ul><\/li><\/ul>\t\t\t\t\t\t<\/div>\n\t\t\t\t<\/div>\n\t\t\t\t\t<\/div>\n\t\t<\/div>\n\t\t\t\t<div class=\"elementor-column elementor-col-50 elementor-inner-column elementor-element elementor-element-498699a\" data-id=\"498699a\" data-element_type=\"column\">\n\t\t\t<div class=\"elementor-widget-wrap elementor-element-populated\">\n\t\t\t\t\t\t\t\t<div class=\"elementor-element elementor-element-82e7ac1 elementor-widget elementor-widget-image\" data-id=\"82e7ac1\" data-element_type=\"widget\" data-widget_type=\"image.default\">\n\t\t\t\t<div class=\"elementor-widget-container\">\n\t\t\t<style>\/*! elementor - v3.5.4 - 23-01-2022 *\/\n.elementor-widget-image{text-align:center}.elementor-widget-image a{display:inline-block}.elementor-widget-image a img[src$=\".svg\"]{width:48px}.elementor-widget-image img{vertical-align:middle;display:inline-block}<\/style>\t\t\t\t\t\t\t\t\t\t\t\t<img src=\"https:\/\/coacep.com.co\/wp-content\/uploads\/2018\/07\/descarga.jpg\" title=\"\" alt=\"\" \/>\t\t\t\t\t\t\t\t\t\t\t\t\t\t\t<\/div>\n\t\t\t\t<\/div>\n\t\t\t\t<div class=\"elementor-element elementor-element-7ef53ca elementor-widget elementor-widget-image\" data-id=\"7ef53ca\" data-element_type=\"widget\" data-widget_type=\"image.default\">\n\t\t\t\t<div class=\"elementor-widget-container\">\n\t\t\t\t\t\t\t\t\t\t\t\t\t\t\t<img width=\"1100\" height=\"500\" src=\"https:\/\/coacep.com.co\/wp-content\/uploads\/2018\/08\/Slide2.jpg\" class=\"attachment-full size-full\" alt=\"\" loading=\"lazy\" srcset=\"https:\/\/coacep.com.co\/wp-content\/uploads\/2018\/08\/Slide2.jpg 1100w, https:\/\/coacep.com.co\/wp-content\/uploads\/2018\/08\/Slide2-600x273.jpg 600w, https:\/\/coacep.com.co\/wp-content\/uploads\/2018\/08\/Slide2-300x136.jpg 300w, https:\/\/coacep.com.co\/wp-content\/uploads\/2018\/08\/Slide2-768x349.jpg 768w, https:\/\/coacep.com.co\/wp-content\/uploads\/2018\/08\/Slide2-1024x465.jpg 1024w\" sizes=\"(max-width: 1100px) 100vw, 1100px\" \/>\t\t\t\t\t\t\t\t\t\t\t\t\t\t\t<\/div>\n\t\t\t\t<\/div>\n\t\t\t\t\t<\/div>\n\t\t<\/div>\n\t\t\t\t\t\t\t<\/div>\n\t\t<\/section>\n\t\t\t\t<div class=\"elementor-element elementor-element-63df47b elementor-widget elementor-widget-heading\" data-id=\"63df47b\" data-element_type=\"widget\" data-widget_type=\"heading.default\">\n\t\t\t\t<div class=\"elementor-widget-container\">\n\t\t\t<style>\/*! elementor - v3.5.4 - 23-01-2022 *\/\n.elementor-heading-title{padding:0;margin:0;line-height:1}.elementor-widget-heading .elementor-heading-title[class*=elementor-size-]>a{color:inherit;font-size:inherit;line-height:inherit}.elementor-widget-heading .elementor-heading-title.elementor-size-small{font-size:15px}.elementor-widget-heading .elementor-heading-title.elementor-size-medium{font-size:19px}.elementor-widget-heading .elementor-heading-title.elementor-size-large{font-size:29px}.elementor-widget-heading .elementor-heading-title.elementor-size-xl{font-size:39px}.elementor-widget-heading .elementor-heading-title.elementor-size-xxl{font-size:59px}<\/style><h2 class=\"elementor-heading-title elementor-size-default\">Cr\u00e9ditos hasta un mill\u00f3n de pesos para nuevos afiliados\n<\/h2>\t\t<\/div>\n\t\t\t\t<\/div>\n\t\t\t\t\t<\/div>\n\t\t<\/div>\n\t\t\t\t\t\t\t<\/div>\n\t\t<\/section>\n\t\t\t\t\t\t<\/div>\n\t\t\t\t\t<\/div>\n\t\t","protected":false},"excerpt":{"rendered":"<p>Diligenciar el Formulario de Afiliaci\u00f3n para ser Admitido Docentes y Administrativos Secretar\u00eda de Educaci\u00f3n Departamental del Putumayo y Cauca Copia de C\u00e9dula de Ciudadan\u00eda Copia del \u00faltimo desprendible de pago Copia de Acta de Nombramiento \u00a0 Particulares, Comerciantes e\u00a0 Independientes Copia de la C\u00e9dula Certificado Laboral Cr\u00e9ditos hasta un mill\u00f3n de pesos para nuevos afiliados<\/p>\n","protected":false},"author":1,"featured_media":0,"parent":0,"menu_order":0,"comment_status":"closed","ping_status":"closed","template":"","meta":[],"_links":{"self":[{"href":"https:\/\/coacep.com.co\/index.php?rest_route=\/wp\/v2\/pages\/127"}],"collection":[{"href":"https:\/\/coacep.com.co\/index.php?rest_route=\/wp\/v2\/pages"}],"about":[{"href":"https:\/\/coacep.com.co\/index.php?rest_route=\/wp\/v2\/types\/page"}],"author":[{"embeddable":true,"href":"https:\/\/coacep.com.co\/index.php?rest_route=\/wp\/v2\/users\/1"}],"replies":[{"embeddable":true,"href":"https:\/\/coacep.com.co\/index.php?rest_route=%2Fwp%2Fv2%2Fcomments&post=127"}],"version-history":[{"count":6,"href":"https:\/\/coacep.com.co\/index.php?rest_route=\/wp\/v2\/pages\/127\/revisions"}],"predecessor-version":[{"id":660,"href":"https:\/\/coacep.com.co\/index.php?rest_route=\/wp\/v2\/pages\/127\/revisions\/660"}],"wp:attachment":[{"href":"https:\/\/coacep.com.co\/index.php?rest_route=%2Fwp%2Fv2%2Fmedia&parent=127"}],"curies":[{"name":"wp","href":"https:\/\/api.w.org\/{rel}","templated":true}]}}