{"id":1403,"date":"2020-12-01T21:47:31","date_gmt":"2020-12-02T02:47:31","guid":{"rendered":"https:\/\/coacep.com.co\/?page_id=1403"},"modified":"2021-10-05T11:25:25","modified_gmt":"2021-10-05T16:25:25","slug":"funcionarios","status":"publish","type":"page","link":"https:\/\/coacep.com.co\/?page_id=1403","title":{"rendered":"Funcionarios"},"content":{"rendered":"<p><strong><img loading=\"lazy\" class=\"alignright size-medium wp-image-498\" src=\"https:\/\/coacep.com.co\/wp-content\/uploads\/2020\/05\/logo-COACEP-300x260.jpg\" alt=\"\" width=\"300\" height=\"260\" srcset=\"https:\/\/coacep.com.co\/wp-content\/uploads\/2020\/05\/logo-COACEP-300x260.jpg 300w, https:\/\/coacep.com.co\/wp-content\/uploads\/2020\/05\/logo-COACEP.jpg 387w\" sizes=\"(max-width: 300px) 100vw, 300px\" \/><\/strong><\/p>\n<p>Tesorera : Miryam Graciela Jimenez Mu\u00f1oz<br \/>\nContabilidad : Carmen Elisa Melo<br \/>\nCartera y Cr\u00e9dito :Deyanira Pasinga Maigual<br \/>\nYhordan Alexander Ortega Luna<br \/>\nSecretaria : Dana Alejandra Arenas Burbano<br \/>\nAlmac\u00e9n :\u00a0 Juan Carlos Rosero<br \/>\nServicios Generales: Gloria Rodr\u00edguez Rodr\u00edguez<\/p>\n<p>Sucursales<\/p>\n<p>Puerto As\u00eds : Diana Marcela Zambrano Caicedo<br \/>\nHormiga : Edna Yanine Coral Benitez<\/p>\n<p>Puntos De Apoyo<\/p>\n<p>Orito : Silvana Marcela Fajardo<br \/>\nLeguizamo : Manuel Mu\u00f1oz<br \/>\nSibundoy : Nubia Luna<\/p>\n<p>Gerente:<br \/>\nArbey Ever Solarte Ojeda<\/p>\n<p><strong>\u00a0<\/strong><\/p>\n","protected":false},"excerpt":{"rendered":"<p>Tesorera : Miryam Graciela Jimenez Mu\u00f1oz Contabilidad : Carmen Elisa Melo Cartera y Cr\u00e9dito :Deyanira Pasinga Maigual Yhordan Alexander Ortega Luna Secretaria : Dana Alejandra Arenas Burbano Almac\u00e9n :\u00a0 Juan Carlos Rosero Servicios Generales: Gloria Rodr\u00edguez Rodr\u00edguez Sucursales Puerto As\u00eds : Diana Marcela Zambrano Caicedo Hormiga : Edna Yanine Coral Benitez Puntos De Apoyo Orito &#8230; <a title=\"Funcionarios\" class=\"read-more\" href=\"https:\/\/coacep.com.co\/?page_id=1403\" aria-label=\"Leer m\u00e1s sobre Funcionarios\">Leer m\u00e1s<\/a><\/p>\n","protected":false},"author":1,"featured_media":0,"parent":56,"menu_order":0,"comment_status":"closed","ping_status":"closed","template":"","meta":[],"_links":{"self":[{"href":"https:\/\/coacep.com.co\/index.php?rest_route=\/wp\/v2\/pages\/1403"}],"collection":[{"href":"https:\/\/coacep.com.co\/index.php?rest_route=\/wp\/v2\/pages"}],"about":[{"href":"https:\/\/coacep.com.co\/index.php?rest_route=\/wp\/v2\/types\/page"}],"author":[{"embeddable":true,"href":"https:\/\/coacep.com.co\/index.php?rest_route=\/wp\/v2\/users\/1"}],"replies":[{"embeddable":true,"href":"https:\/\/coacep.com.co\/index.php?rest_route=%2Fwp%2Fv2%2Fcomments&post=1403"}],"version-history":[{"count":5,"href":"https:\/\/coacep.com.co\/index.php?rest_route=\/wp\/v2\/pages\/1403\/revisions"}],"predecessor-version":[{"id":1449,"href":"https:\/\/coacep.com.co\/index.php?rest_route=\/wp\/v2\/pages\/1403\/revisions\/1449"}],"up":[{"embeddable":true,"href":"https:\/\/coacep.com.co\/index.php?rest_route=\/wp\/v2\/pages\/56"}],"wp:attachment":[{"href":"https:\/\/coacep.com.co\/index.php?rest_route=%2Fwp%2Fv2%2Fmedia&parent=1403"}],"curies":[{"name":"wp","href":"https:\/\/api.w.org\/{rel}","templated":true}]}}