{"id":173,"date":"2018-08-27T17:18:37","date_gmt":"2018-08-27T22:18:37","guid":{"rendered":"https:\/\/coacep.com.co\/?page_id=173"},"modified":"2021-10-05T11:07:13","modified_gmt":"2021-10-05T16:07:13","slug":"directivos","status":"publish","type":"page","link":"https:\/\/coacep.com.co\/?page_id=173","title":{"rendered":"Directivos"},"content":{"rendered":"<p><img loading=\"lazy\" class=\"alignright size-medium wp-image-498\" src=\"https:\/\/coacep.com.co\/wp-content\/uploads\/2020\/05\/logo-COACEP-300x260.jpg\" alt=\"\" width=\"300\" height=\"260\" srcset=\"https:\/\/coacep.com.co\/wp-content\/uploads\/2020\/05\/logo-COACEP-300x260.jpg 300w, https:\/\/coacep.com.co\/wp-content\/uploads\/2020\/05\/logo-COACEP.jpg 387w\" sizes=\"(max-width: 300px) 100vw, 300px\" \/><\/p>\n<p><strong>Consejo De Administraci\u00f3n<\/strong><\/p>\n<ul>\n<li>Presidente \u2013\u00a0Erwin Ordo\u00f1ez<\/li>\n<li>Vicepresidente \u2013\u00a0Luz Angela Castillo Angulo<\/li>\n<li>Secretario \u2013 Luis Alejandro Lopez Agreda<\/li>\n<li>Consejero 1 \u2013\u00a0Manuel Aldemar Ibarra<\/li>\n<li>Consejero 2 \u2013\u00a0Carlos Enrique Landazury Delgado<\/li>\n<\/ul>\n<p><strong>Junta De Vigilancia<\/strong><\/p>\n<ul>\n<li>Presidente \u2013\u00a0Luis Roberto Torres Mu\u00f1oz<\/li>\n<li>Vicepresidente \u2013\u00a0Aura Elvira Tacan<\/li>\n<li>Secretaria \u2013\u00a0Tillie Sanchez Mosquera<\/li>\n<\/ul>\n<p><strong>Comit\u00e9 de educaci\u00f3n:<\/strong><\/p>\n<ul>\n<li>Erwin Ordo\u00f1ez<\/li>\n<li>Manuel Aldemar Ibarra<\/li>\n<li>Amalia Poveda<\/li>\n<\/ul>\n<hr \/>\n<p><img loading=\"lazy\" class=\"alignnone size-medium wp-image-1445 aligncenter\" src=\"https:\/\/coacep.com.co\/wp-content\/uploads\/2021\/10\/WhatsApp-Image-2021-10-05-at-9.44.30-AM-225x300.jpeg\" alt=\"\" width=\"225\" height=\"300\" srcset=\"https:\/\/coacep.com.co\/wp-content\/uploads\/2021\/10\/WhatsApp-Image-2021-10-05-at-9.44.30-AM-225x300.jpeg 225w, https:\/\/coacep.com.co\/wp-content\/uploads\/2021\/10\/WhatsApp-Image-2021-10-05-at-9.44.30-AM-350x466.jpeg 350w, https:\/\/coacep.com.co\/wp-content\/uploads\/2021\/10\/WhatsApp-Image-2021-10-05-at-9.44.30-AM.jpeg 591w\" sizes=\"(max-width: 225px) 100vw, 225px\" \/><\/p>\n<p style=\"text-align: center;\"><strong>Gerente:<\/strong> Arbey Ever Solarte<\/p>\n<p style=\"text-align: center;\"><strong>Contador:<\/strong> Eligio Bernardo Sanchez Estrada<\/p>\n<p style=\"text-align: center;\"><strong>Revisor Fiscal:<\/strong>\u00a0 German Raul Luna Pati\u00f1o<\/p>\n","protected":false},"excerpt":{"rendered":"<p>Consejo De Administraci\u00f3n Presidente \u2013\u00a0Erwin Ordo\u00f1ez Vicepresidente \u2013\u00a0Luz Angela Castillo Angulo Secretario \u2013 Luis Alejandro Lopez Agreda Consejero 1 \u2013\u00a0Manuel Aldemar Ibarra Consejero 2 \u2013\u00a0Carlos Enrique Landazury Delgado Junta De Vigilancia Presidente \u2013\u00a0Luis Roberto Torres Mu\u00f1oz Vicepresidente \u2013\u00a0Aura Elvira Tacan Secretaria \u2013\u00a0Tillie Sanchez Mosquera Comit\u00e9 de educaci\u00f3n: Erwin Ordo\u00f1ez Manuel Aldemar Ibarra Amalia Poveda Gerente: &#8230; <a title=\"Directivos\" class=\"read-more\" href=\"https:\/\/coacep.com.co\/?page_id=173\" aria-label=\"Leer m\u00e1s sobre Directivos\">Leer m\u00e1s<\/a><\/p>\n","protected":false},"author":2,"featured_media":0,"parent":56,"menu_order":0,"comment_status":"closed","ping_status":"closed","template":"","meta":[],"_links":{"self":[{"href":"https:\/\/coacep.com.co\/index.php?rest_route=\/wp\/v2\/pages\/173"}],"collection":[{"href":"https:\/\/coacep.com.co\/index.php?rest_route=\/wp\/v2\/pages"}],"about":[{"href":"https:\/\/coacep.com.co\/index.php?rest_route=\/wp\/v2\/types\/page"}],"author":[{"embeddable":true,"href":"https:\/\/coacep.com.co\/index.php?rest_route=\/wp\/v2\/users\/2"}],"replies":[{"embeddable":true,"href":"https:\/\/coacep.com.co\/index.php?rest_route=%2Fwp%2Fv2%2Fcomments&post=173"}],"version-history":[{"count":10,"href":"https:\/\/coacep.com.co\/index.php?rest_route=\/wp\/v2\/pages\/173\/revisions"}],"predecessor-version":[{"id":1447,"href":"https:\/\/coacep.com.co\/index.php?rest_route=\/wp\/v2\/pages\/173\/revisions\/1447"}],"up":[{"embeddable":true,"href":"https:\/\/coacep.com.co\/index.php?rest_route=\/wp\/v2\/pages\/56"}],"wp:attachment":[{"href":"https:\/\/coacep.com.co\/index.php?rest_route=%2Fwp%2Fv2%2Fmedia&parent=173"}],"curies":[{"name":"wp","href":"https:\/\/api.w.org\/{rel}","templated":true}]}}