{"id":315,"date":"2019-03-20T17:54:52","date_gmt":"2019-03-20T22:54:52","guid":{"rendered":"https:\/\/coacep.com.co\/?page_id=315"},"modified":"2024-06-21T16:21:52","modified_gmt":"2024-06-21T21:21:52","slug":"registroweb","status":"publish","type":"page","link":"https:\/\/coacep.com.co\/?page_id=315","title":{"rendered":"Registro Web RTE DIAN"},"content":{"rendered":"<p>De conformidad con la ley 1819 de 2016, el Decreto \u00danico Reglamentario 1625 de 2016, Decreto 2150 de 2017 y el titulo VI del libro primero del Estatuto Tributario Nacional, <strong><em>La Cooperativa del Educador Putumayense &#8211; COACEP, NIT<\/em> 800.105.308-7,<\/strong> pone a disposici\u00f3n de la sociedad civil y del p\u00fablico en general la siguiente informaci\u00f3n sobre los requisitos de acceso al R\u00e9gimen Tributario Especial \u2013 RTE del Impuesto sobre la Renta, para que se remitan los comentarios y observaciones sobre la entidad.<\/p>\n<p><img loading=\"lazy\" class=\"alignright size-medium wp-image-485\" src=\"https:\/\/coacep.com.co\/wp-content\/uploads\/2020\/05\/dian-2020-300x89.jpg\" alt=\"\" width=\"300\" height=\"89\" srcset=\"https:\/\/coacep.com.co\/wp-content\/uploads\/2020\/05\/dian-2020-300x89.jpg 300w, https:\/\/coacep.com.co\/wp-content\/uploads\/2020\/05\/dian-2020.jpg 595w\" sizes=\"(max-width: 300px) 100vw, 300px\" \/><\/p>\n<p>Si desea realizar alg\u00fan comentario o pronunciamiento sobre la entidad y\/o la informaci\u00f3n relacionada a continuaci\u00f3n lo puede realizar por medio del siguiente link habilitado por la\u00a0<a href=\"https:\/\/muisca.dian.gov.co\/WebRetesal\/DefCondicionesServicio.faces\" target=\"_blank\" rel=\"noopener\">Direcci\u00f3n de Impuestos y Aduanas Nacionales &#8211; Dian<\/a>\u00a0para tal fin<\/p>\n<p>&nbsp;<\/p>\n<p>ESTATUTOS COACEP<\/p>\n<ul>\n<li><a href=\"https:\/\/coacep.com.co\/wp-content\/uploads\/2019\/03\/ESTATUTOS-COACEP-LTDA-2015.pdf\">Estatutos Coacep &#8211; 2015<\/a><\/li>\n<li><a href=\"https:\/\/drive.google.com\/file\/d\/1F2DXXKDR25Ny_g1g5EwBli8FpPZeBwJA\/view?usp=sharing\">Estatutos Coacep &#8211; 2021<\/a><\/li>\n<\/ul>\n<p>&nbsp;<\/p>\n<ul>\n<li><a href=\"https:\/\/coacep.com.co\/wp-content\/uploads\/2022\/03\/ESTADO-DE-SITUACION-FINANCIERA-NIVEL-SUBCUENTA-DIC-31-2016.pdf\">ESTADOS\u00a0 SITUACION FINANCIERA 2016<\/a><\/li>\n<li><a href=\"https:\/\/coacep.com.co\/wp-content\/uploads\/2022\/03\/ESTADOS-DE-SITUACI\u00d3N-FINANCIERA-30-SEP-2017-1.pdf\">ESTADOS SITUACI\u00d3N FINANCIERA 2017<\/a><\/li>\n<li><a href=\"https:\/\/coacep.com.co\/wp-content\/uploads\/2022\/03\/ESTADOS-FINANCIEROS-DICIEMBRE-2018-1.pdf\">ESTADOS SITUACI\u00d3N FINANCIERA 2018<\/a><\/li>\n<li><a href=\"https:\/\/coacep.com.co\/wp-content\/uploads\/2020\/05\/Estado-de-Resultados-2019.pdf\">ESTADO\u00a0DE RESULTADOS INTEGRAL 2019<\/a> \/ <a href=\"https:\/\/coacep.com.co\/wp-content\/uploads\/2020\/05\/Notas-a-los-Estados-Financieros-2019.pdf\">Notas a los Estados Financieros 2019<\/a>\u00a0<strong><em>&#8211; Nuevo !<\/em><\/strong><\/li>\n<li><a href=\"https:\/\/coacep.com.co\/wp-content\/uploads\/2022\/03\/ESTADOS-FINANCIEROS-DICIEMBRE-2020-1.pdf\">ESTADOS SITUACI\u00d3N FINANCIERA 2020<\/a><\/li>\n<li><a href=\"https:\/\/coacep.com.co\/wp-content\/uploads\/2022\/03\/ESTADOS-FINANCIEROS-2021-1.pdf\">ESTADOS SITUACI\u00d3N\u00a0 FINANCIERA 2021<\/a><\/li>\n<li>ESTADO DE SITUACION FINANCIERA 2022<\/li>\n<li><a href=\"https:\/\/drive.google.com\/file\/d\/1Kb0pZ0kUgZL11MYoAUP-ghnREM2vJrHX\/view?usp=drive_link\">ESTADO DE SITUACION FINANCIERA 2023<\/a><\/li>\n<\/ul>\n<p>INFORME DE GESTION FINACIERO 2021<\/p>\n<ul>\n<li><a href=\"https:\/\/drive.google.com\/drive\/folders\/1nsCw89yibN1bFmJUcF8WasHfJt8TLsLd?usp=sharing\">Revista Financiera y Social 2021\u00a0<\/a><\/li>\n<li>Informe Financiero y Social 2022<\/li>\n<li><a href=\"https:\/\/drive.google.com\/file\/d\/19cdpXWhR4lotwFj2zEc_iVopgWgRIjhe\/view?usp=drive_link\">Informe Financiero y Social 2023<\/a><\/li>\n<\/ul>\n","protected":false},"excerpt":{"rendered":"<p>De conformidad con la ley 1819 de 2016, el Decreto \u00danico Reglamentario 1625 de 2016, Decreto 2150 de 2017 y el titulo VI del libro primero del Estatuto Tributario Nacional, La Cooperativa del Educador Putumayense &#8211; COACEP, NIT 800.105.308-7, pone a disposici\u00f3n de la sociedad civil y del p\u00fablico en general la siguiente informaci\u00f3n sobre &#8230; <a title=\"Registro Web RTE DIAN\" class=\"read-more\" href=\"https:\/\/coacep.com.co\/?page_id=315\" aria-label=\"Leer m\u00e1s sobre Registro Web RTE DIAN\">Leer m\u00e1s<\/a><\/p>\n","protected":false},"author":1,"featured_media":0,"parent":0,"menu_order":0,"comment_status":"closed","ping_status":"closed","template":"","meta":[],"_links":{"self":[{"href":"https:\/\/coacep.com.co\/index.php?rest_route=\/wp\/v2\/pages\/315"}],"collection":[{"href":"https:\/\/coacep.com.co\/index.php?rest_route=\/wp\/v2\/pages"}],"about":[{"href":"https:\/\/coacep.com.co\/index.php?rest_route=\/wp\/v2\/types\/page"}],"author":[{"embeddable":true,"href":"https:\/\/coacep.com.co\/index.php?rest_route=\/wp\/v2\/users\/1"}],"replies":[{"embeddable":true,"href":"https:\/\/coacep.com.co\/index.php?rest_route=%2Fwp%2Fv2%2Fcomments&post=315"}],"version-history":[{"count":12,"href":"https:\/\/coacep.com.co\/index.php?rest_route=\/wp\/v2\/pages\/315\/revisions"}],"predecessor-version":[{"id":1576,"href":"https:\/\/coacep.com.co\/index.php?rest_route=\/wp\/v2\/pages\/315\/revisions\/1576"}],"wp:attachment":[{"href":"https:\/\/coacep.com.co\/index.php?rest_route=%2Fwp%2Fv2%2Fmedia&parent=315"}],"curies":[{"name":"wp","href":"https:\/\/api.w.org\/{rel}","templated":true}]}}