{"id":56,"date":"2018-07-22T12:42:47","date_gmt":"2018-07-22T17:42:47","guid":{"rendered":"https:\/\/coacep.com.co\/?page_id=56"},"modified":"2020-12-01T21:54:49","modified_gmt":"2020-12-02T02:54:49","slug":"coacep","status":"publish","type":"page","link":"https:\/\/coacep.com.co\/?page_id=56","title":{"rendered":"COACEP"},"content":{"rendered":"<h3 style=\"text-align: left;\"><strong><img loading=\"lazy\" class=\"alignleft wp-image-498\" src=\"https:\/\/coacep.com.co\/wp-content\/uploads\/2020\/05\/logo-COACEP-300x260.jpg\" alt=\"\" width=\"250\" height=\"217\" srcset=\"https:\/\/coacep.com.co\/wp-content\/uploads\/2020\/05\/logo-COACEP-300x260.jpg 300w, https:\/\/coacep.com.co\/wp-content\/uploads\/2020\/05\/logo-COACEP.jpg 387w\" sizes=\"(max-width: 250px) 100vw, 250px\" \/>Historia<\/strong><\/h3>\n<p style=\"text-align: left;\">La <strong>Cooperativa del Educador Putumayense<\/strong>, creada en 1986 por iniciativa de un grupo de firme de Educadores quienes buscan crear una nueva cooperativa; que se conoci\u00f3 con el nombre de <em><strong>COOJEM\u00a0 LTDA. COOPERATIVA JOS\u00c9 EDUARDO MU\u00d1OZ FUENMAYOR<\/strong><\/em>, en memoria al fallecido pol\u00edtico y sindical <strong><em>Jos\u00e9 Eduardo Mu\u00f1oz F<\/em><\/strong>.<\/p>\n<p style=\"text-align: left;\">Posteriormente, por decisi\u00f3n un\u00e1nime de la Asamblea General y atendiendo los cambios en la ley Cooperativa nos transformamos en lo que hoy se conoce como la <strong><em>Cooperativa Multiactiva Del Educador Putumayense COACEP LTDA<\/em><\/strong>.<\/p>\n<h3 style=\"text-align: left;\"><strong>Marco Legal<\/strong><\/h3>\n<p style=\"text-align: left;\">La cooperativa del Educador Putumayense, es una entidad privada \u201cSIN ANIMO DE LUCRO\u201d, legalmente constituida con Personer\u00eda Jur\u00eddica Resoluci\u00f3n No. 01473 de julio 29 de 1988.<\/p>\n<p style=\"text-align: left;\"><strong>Aportes Sociales<\/strong><\/p>\n<ul>\n<li>Nuestros asociados, aportan el 6% del Salario B\u00e1sico, por el cual obtendr\u00e1n cr\u00e9ditos de estudio, vivienda y otros en tres (3) veces el valor de sus aportes.<\/li>\n<li>Se valorizan seg\u00fan los excedentes cooperativos y por determinaci\u00f3n de la Asamblea General de Delegados.<\/li>\n<li>En caso de retiro de la cooperativa se reintegra el 100%, no se descuentan valores para gastos de administraci\u00f3n.<\/li>\n<\/ul>\n<p style=\"text-align: center;\">Ver : <a href=\"https:\/\/coacep.com.co\/coacep\/plataforma-estrategica\/\">Misi\u00f3n &#8211; Visi\u00f3n<\/a><\/p>\n","protected":false},"excerpt":{"rendered":"<p>Historia La Cooperativa del Educador Putumayense, creada en 1986 por iniciativa de un grupo de firme de Educadores quienes buscan crear una nueva cooperativa; que se conoci\u00f3 con el nombre de COOJEM\u00a0 LTDA. COOPERATIVA JOS\u00c9 EDUARDO MU\u00d1OZ FUENMAYOR, en memoria al fallecido pol\u00edtico y sindical Jos\u00e9 Eduardo Mu\u00f1oz F. Posteriormente, por decisi\u00f3n un\u00e1nime de la &#8230; <a title=\"COACEP\" class=\"read-more\" href=\"https:\/\/coacep.com.co\/?page_id=56\" aria-label=\"Leer m\u00e1s sobre COACEP\">Leer m\u00e1s<\/a><\/p>\n","protected":false},"author":1,"featured_media":0,"parent":0,"menu_order":0,"comment_status":"closed","ping_status":"closed","template":"","meta":[],"_links":{"self":[{"href":"https:\/\/coacep.com.co\/index.php?rest_route=\/wp\/v2\/pages\/56"}],"collection":[{"href":"https:\/\/coacep.com.co\/index.php?rest_route=\/wp\/v2\/pages"}],"about":[{"href":"https:\/\/coacep.com.co\/index.php?rest_route=\/wp\/v2\/types\/page"}],"author":[{"embeddable":true,"href":"https:\/\/coacep.com.co\/index.php?rest_route=\/wp\/v2\/users\/1"}],"replies":[{"embeddable":true,"href":"https:\/\/coacep.com.co\/index.php?rest_route=%2Fwp%2Fv2%2Fcomments&post=56"}],"version-history":[{"count":21,"href":"https:\/\/coacep.com.co\/index.php?rest_route=\/wp\/v2\/pages\/56\/revisions"}],"predecessor-version":[{"id":1407,"href":"https:\/\/coacep.com.co\/index.php?rest_route=\/wp\/v2\/pages\/56\/revisions\/1407"}],"wp:attachment":[{"href":"https:\/\/coacep.com.co\/index.php?rest_route=%2Fwp%2Fv2%2Fmedia&parent=56"}],"curies":[{"name":"wp","href":"https:\/\/api.w.org\/{rel}","templated":true}]}}