{"id":1050,"date":"2020-06-29T14:43:21","date_gmt":"2020-06-29T19:43:21","guid":{"rendered":"https:\/\/coacep.com.co\/?post_type=product&#038;p=1050"},"modified":"2020-06-29T14:43:21","modified_gmt":"2020-06-29T19:43:21","slug":"microfono-kalley-profecional-k-mi99m","status":"publish","type":"product","link":"https:\/\/coacep.com.co\/?product=microfono-kalley-profecional-k-mi99m","title":{"rendered":"Microfono KALLEY profecional k-mi99m"},"content":{"rendered":"<ul>\n<li>El micr\u00f3fono inal\u00e1mbrico y manos libres Kalley K-MI99M cuenta con un pop filter interno con malla protectora para reducir los ruidos causados por golpes de aire mientras hablas permiti\u00e9ndote una comunicaci\u00f3n fluida con tu p\u00fablico<\/li>\n<li>M\u00faltiples niveles de alta frecuencia y filtros pasa banda<\/li>\n<li>Indicador de voltaje<\/li>\n<li>Alcance ideal de hasta 40m<\/li>\n<li>Bater\u00eda 2xAA<\/li>\n<\/ul>\n","protected":false},"excerpt":{"rendered":"<p>El micr\u00f3fono inal\u00e1mbrico y manos libres Kalley K-MI99M cuenta con un pop filter interno con malla protectora para reducir los ruidos causados por golpes de aire mientras hablas permiti\u00e9ndote una comunicaci\u00f3n fluida con tu p\u00fablico M\u00faltiples niveles de alta frecuencia y filtros pasa banda Indicador de voltaje Alcance ideal de hasta 40m Bater\u00eda 2xAA<\/p>\n","protected":false},"featured_media":1052,"template":"","meta":[],"product_cat":[21],"product_tag":[],"_links":{"self":[{"href":"https:\/\/coacep.com.co\/index.php?rest_route=\/wp\/v2\/product\/1050"}],"collection":[{"href":"https:\/\/coacep.com.co\/index.php?rest_route=\/wp\/v2\/product"}],"about":[{"href":"https:\/\/coacep.com.co\/index.php?rest_route=\/wp\/v2\/types\/product"}],"version-history":[{"count":0,"href":"https:\/\/coacep.com.co\/index.php?rest_route=\/wp\/v2\/product\/1050\/revisions"}],"wp:featuredmedia":[{"embeddable":true,"href":"https:\/\/coacep.com.co\/index.php?rest_route=\/wp\/v2\/media\/1052"}],"wp:attachment":[{"href":"https:\/\/coacep.com.co\/index.php?rest_route=%2Fwp%2Fv2%2Fmedia&parent=1050"}],"wp:term":[{"taxonomy":"product_cat","embeddable":true,"href":"https:\/\/coacep.com.co\/index.php?rest_route=%2Fwp%2Fv2%2Fproduct_cat&post=1050"},{"taxonomy":"product_tag","embeddable":true,"href":"https:\/\/coacep.com.co\/index.php?rest_route=%2Fwp%2Fv2%2Fproduct_tag&post=1050"}],"curies":[{"name":"wp","href":"https:\/\/api.w.org\/{rel}","templated":true}]}}