{"id":1081,"date":"2020-07-07T10:36:19","date_gmt":"2020-07-07T15:36:19","guid":{"rendered":"https:\/\/coacep.com.co\/?post_type=product&#038;p=1081"},"modified":"2020-07-07T10:36:19","modified_gmt":"2020-07-07T15:36:19","slug":"nevera-haceb-n220pda","status":"publish","type":"product","link":"https:\/\/coacep.com.co\/?product=nevera-haceb-n220pda","title":{"rendered":"Nevera HACEB n220pda"},"content":{"rendered":"<ul>\n<li>Tecnolog\u00eda No Frost, no genera escarcha para f\u00e1cil limpieza<\/li>\n<li>220 litros, capacidad ideal para todos tus productos<\/li>\n<li>Dispensador de agua con f\u00e1cil acceso<\/li>\n<li>Control de temperatura interior, ajustable seg\u00fan tus necesidades<\/li>\n<li>Bandejas en vidrio templado, resistencia y comodidad<\/li>\n<\/ul>\n","protected":false},"excerpt":{"rendered":"<p>Tecnolog\u00eda No Frost, no genera escarcha para f\u00e1cil limpieza 220 litros, capacidad ideal para todos tus productos Dispensador de agua con f\u00e1cil acceso Control de temperatura interior, ajustable seg\u00fan tus necesidades Bandejas en vidrio templado, resistencia y comodidad<\/p>\n","protected":false},"featured_media":1082,"template":"","meta":[],"product_cat":[21],"product_tag":[],"_links":{"self":[{"href":"https:\/\/coacep.com.co\/index.php?rest_route=\/wp\/v2\/product\/1081"}],"collection":[{"href":"https:\/\/coacep.com.co\/index.php?rest_route=\/wp\/v2\/product"}],"about":[{"href":"https:\/\/coacep.com.co\/index.php?rest_route=\/wp\/v2\/types\/product"}],"version-history":[{"count":0,"href":"https:\/\/coacep.com.co\/index.php?rest_route=\/wp\/v2\/product\/1081\/revisions"}],"wp:featuredmedia":[{"embeddable":true,"href":"https:\/\/coacep.com.co\/index.php?rest_route=\/wp\/v2\/media\/1082"}],"wp:attachment":[{"href":"https:\/\/coacep.com.co\/index.php?rest_route=%2Fwp%2Fv2%2Fmedia&parent=1081"}],"wp:term":[{"taxonomy":"product_cat","embeddable":true,"href":"https:\/\/coacep.com.co\/index.php?rest_route=%2Fwp%2Fv2%2Fproduct_cat&post=1081"},{"taxonomy":"product_tag","embeddable":true,"href":"https:\/\/coacep.com.co\/index.php?rest_route=%2Fwp%2Fv2%2Fproduct_tag&post=1081"}],"curies":[{"name":"wp","href":"https:\/\/api.w.org\/{rel}","templated":true}]}}