{"id":1093,"date":"2020-07-07T10:36:19","date_gmt":"2020-07-07T15:36:19","guid":{"rendered":"https:\/\/coacep.com.co\/?post_type=product&#038;p=1093"},"modified":"2020-07-07T10:36:19","modified_gmt":"2020-07-07T15:36:19","slug":"nevera-haceb-himalaya-gris","status":"publish","type":"product","link":"https:\/\/coacep.com.co\/?product=nevera-haceb-himalaya-gris","title":{"rendered":"Nevera HACEB Himalaya gris"},"content":{"rendered":"<p>Control de temperatura interior, ajustable seg\u00fan tus necesidades<\/p>\n<p>Panel digital para que disfrutes de varias funciones<\/p>\n<p>Menos consumo de energ\u00eda m\u00e1s ahorro<\/p>\n<p>375 litros, capacidad ideal para todos tus productos<\/p>\n","protected":false},"excerpt":{"rendered":"<p>Control de temperatura interior, ajustable seg\u00fan tus necesidades Panel digital para que disfrutes de varias funciones Menos consumo de energ\u00eda m\u00e1s ahorro 375 litros, capacidad ideal para todos tus productos<\/p>\n","protected":false},"featured_media":1094,"template":"","meta":[],"product_cat":[21],"product_tag":[],"_links":{"self":[{"href":"https:\/\/coacep.com.co\/index.php?rest_route=\/wp\/v2\/product\/1093"}],"collection":[{"href":"https:\/\/coacep.com.co\/index.php?rest_route=\/wp\/v2\/product"}],"about":[{"href":"https:\/\/coacep.com.co\/index.php?rest_route=\/wp\/v2\/types\/product"}],"version-history":[{"count":0,"href":"https:\/\/coacep.com.co\/index.php?rest_route=\/wp\/v2\/product\/1093\/revisions"}],"wp:featuredmedia":[{"embeddable":true,"href":"https:\/\/coacep.com.co\/index.php?rest_route=\/wp\/v2\/media\/1094"}],"wp:attachment":[{"href":"https:\/\/coacep.com.co\/index.php?rest_route=%2Fwp%2Fv2%2Fmedia&parent=1093"}],"wp:term":[{"taxonomy":"product_cat","embeddable":true,"href":"https:\/\/coacep.com.co\/index.php?rest_route=%2Fwp%2Fv2%2Fproduct_cat&post=1093"},{"taxonomy":"product_tag","embeddable":true,"href":"https:\/\/coacep.com.co\/index.php?rest_route=%2Fwp%2Fv2%2Fproduct_tag&post=1093"}],"curies":[{"name":"wp","href":"https:\/\/api.w.org\/{rel}","templated":true}]}}