{"id":1116,"date":"2020-07-07T10:36:18","date_gmt":"2020-07-07T15:36:18","guid":{"rendered":"https:\/\/coacep.com.co\/?post_type=product&#038;p=1116"},"modified":"2020-07-07T10:36:18","modified_gmt":"2020-07-07T15:36:18","slug":"olla-arrocera-kalley-1-8-blanco","status":"publish","type":"product","link":"https:\/\/coacep.com.co\/?product=olla-arrocera-kalley-1-8-blanco","title":{"rendered":"Olla arrocera KALLEY 1.8 blanco"},"content":{"rendered":"<ul>\n<li>Potencia de 700 Watts<\/li>\n<li>Adem\u00e1s esta olla arrocera te brinda una capacidad de 1,8 Litros<\/li>\n<li>Adicionalmente puedes realizar cocciones a vapor y m\u00e1s saludables<\/li>\n<li>La vaporera hecha en aluminio<\/li>\n<li>Capacidad 10 tazas sorprende tu familia con una deliciosa preparaci\u00f3n<\/li>\n<\/ul>\n","protected":false},"excerpt":{"rendered":"<p>Potencia de 700 Watts Adem\u00e1s esta olla arrocera te brinda una capacidad de 1,8 Litros Adicionalmente puedes realizar cocciones a vapor y m\u00e1s saludables La vaporera hecha en aluminio Capacidad 10 tazas sorprende tu familia con una deliciosa preparaci\u00f3n<\/p>\n","protected":false},"featured_media":1117,"template":"","meta":[],"product_cat":[21],"product_tag":[],"_links":{"self":[{"href":"https:\/\/coacep.com.co\/index.php?rest_route=\/wp\/v2\/product\/1116"}],"collection":[{"href":"https:\/\/coacep.com.co\/index.php?rest_route=\/wp\/v2\/product"}],"about":[{"href":"https:\/\/coacep.com.co\/index.php?rest_route=\/wp\/v2\/types\/product"}],"version-history":[{"count":0,"href":"https:\/\/coacep.com.co\/index.php?rest_route=\/wp\/v2\/product\/1116\/revisions"}],"wp:featuredmedia":[{"embeddable":true,"href":"https:\/\/coacep.com.co\/index.php?rest_route=\/wp\/v2\/media\/1117"}],"wp:attachment":[{"href":"https:\/\/coacep.com.co\/index.php?rest_route=%2Fwp%2Fv2%2Fmedia&parent=1116"}],"wp:term":[{"taxonomy":"product_cat","embeddable":true,"href":"https:\/\/coacep.com.co\/index.php?rest_route=%2Fwp%2Fv2%2Fproduct_cat&post=1116"},{"taxonomy":"product_tag","embeddable":true,"href":"https:\/\/coacep.com.co\/index.php?rest_route=%2Fwp%2Fv2%2Fproduct_tag&post=1116"}],"curies":[{"name":"wp","href":"https:\/\/api.w.org\/{rel}","templated":true}]}}