{"id":1145,"date":"2020-07-07T10:36:03","date_gmt":"2020-07-07T15:36:03","guid":{"rendered":"https:\/\/coacep.com.co\/?post_type=product&#038;p=1145"},"modified":"2020-07-07T10:36:04","modified_gmt":"2020-07-07T15:36:04","slug":"parlante-kalley-bluetooth-azul","status":"publish","type":"product","link":"https:\/\/coacep.com.co\/?product=parlante-kalley-bluetooth-azul","title":{"rendered":"Parlante KALLEY bluetooth azul"},"content":{"rendered":"<ul>\n<li>Conectividad Bluetooth, transmite m\u00fasica desde tu tel\u00e9fono<\/li>\n<li>Luces LED, ambienta los sonidos con bajo consumo energ\u00e9tico<\/li>\n<li>Radio FM para escuchar tus emisoras preferidas<\/li>\n<\/ul>\n","protected":false},"excerpt":{"rendered":"<p>Conectividad Bluetooth, transmite m\u00fasica desde tu tel\u00e9fono Luces LED, ambienta los sonidos con bajo consumo energ\u00e9tico Radio FM para escuchar tus emisoras preferidas<\/p>\n","protected":false},"featured_media":1146,"template":"","meta":[],"product_cat":[21],"product_tag":[],"_links":{"self":[{"href":"https:\/\/coacep.com.co\/index.php?rest_route=\/wp\/v2\/product\/1145"}],"collection":[{"href":"https:\/\/coacep.com.co\/index.php?rest_route=\/wp\/v2\/product"}],"about":[{"href":"https:\/\/coacep.com.co\/index.php?rest_route=\/wp\/v2\/types\/product"}],"version-history":[{"count":0,"href":"https:\/\/coacep.com.co\/index.php?rest_route=\/wp\/v2\/product\/1145\/revisions"}],"wp:featuredmedia":[{"embeddable":true,"href":"https:\/\/coacep.com.co\/index.php?rest_route=\/wp\/v2\/media\/1146"}],"wp:attachment":[{"href":"https:\/\/coacep.com.co\/index.php?rest_route=%2Fwp%2Fv2%2Fmedia&parent=1145"}],"wp:term":[{"taxonomy":"product_cat","embeddable":true,"href":"https:\/\/coacep.com.co\/index.php?rest_route=%2Fwp%2Fv2%2Fproduct_cat&post=1145"},{"taxonomy":"product_tag","embeddable":true,"href":"https:\/\/coacep.com.co\/index.php?rest_route=%2Fwp%2Fv2%2Fproduct_tag&post=1145"}],"curies":[{"name":"wp","href":"https:\/\/api.w.org\/{rel}","templated":true}]}}