{"id":1151,"date":"2020-07-07T10:36:03","date_gmt":"2020-07-07T15:36:03","guid":{"rendered":"https:\/\/coacep.com.co\/?post_type=product&#038;p=1151"},"modified":"2020-07-07T10:36:03","modified_gmt":"2020-07-07T15:36:03","slug":"parlante-kalley-k-spk70bled-bt","status":"publish","type":"product","link":"https:\/\/coacep.com.co\/?product=parlante-kalley-k-spk70bled-bt","title":{"rendered":"Parlante KALLEY k-spk70bled bt"},"content":{"rendered":"<ul>\n<li class=\"MsoNormal\">La potencia que tiene el parlante de 70 W<\/li>\n<li class=\"MsoNormal\">Bluetooth 2.1, radio FM, control remoto y bater\u00eda incluida la cual favorece la portabilidad y con una autonom\u00eda desde 4 hasta 8 horas aproximadamente, con carga completa<\/li>\n<li class=\"MsoNormal\">El parlante cuenta con iluminaci\u00f3n LED de 7 colores diferentes, estas luces pueden estar encendidas o apagadas seg\u00fan lo prefieras<\/li>\n<\/ul>\n","protected":false},"excerpt":{"rendered":"<p>La potencia que tiene el parlante de 70 W Bluetooth 2.1, radio FM, control remoto y bater\u00eda incluida la cual favorece la portabilidad y con una autonom\u00eda desde 4 hasta 8 horas aproximadamente, con carga completa El parlante cuenta con iluminaci\u00f3n LED de 7 colores diferentes, estas luces pueden estar encendidas o apagadas seg\u00fan lo &#8230; <a title=\"Parlante KALLEY k-spk70bled bt\" class=\"read-more\" href=\"https:\/\/coacep.com.co\/?product=parlante-kalley-k-spk70bled-bt\" aria-label=\"Leer m\u00e1s sobre Parlante KALLEY k-spk70bled bt\">Leer m\u00e1s<\/a><\/p>\n","protected":false},"featured_media":1152,"template":"","meta":[],"product_cat":[21],"product_tag":[],"_links":{"self":[{"href":"https:\/\/coacep.com.co\/index.php?rest_route=\/wp\/v2\/product\/1151"}],"collection":[{"href":"https:\/\/coacep.com.co\/index.php?rest_route=\/wp\/v2\/product"}],"about":[{"href":"https:\/\/coacep.com.co\/index.php?rest_route=\/wp\/v2\/types\/product"}],"version-history":[{"count":0,"href":"https:\/\/coacep.com.co\/index.php?rest_route=\/wp\/v2\/product\/1151\/revisions"}],"wp:featuredmedia":[{"embeddable":true,"href":"https:\/\/coacep.com.co\/index.php?rest_route=\/wp\/v2\/media\/1152"}],"wp:attachment":[{"href":"https:\/\/coacep.com.co\/index.php?rest_route=%2Fwp%2Fv2%2Fmedia&parent=1151"}],"wp:term":[{"taxonomy":"product_cat","embeddable":true,"href":"https:\/\/coacep.com.co\/index.php?rest_route=%2Fwp%2Fv2%2Fproduct_cat&post=1151"},{"taxonomy":"product_tag","embeddable":true,"href":"https:\/\/coacep.com.co\/index.php?rest_route=%2Fwp%2Fv2%2Fproduct_tag&post=1151"}],"curies":[{"name":"wp","href":"https:\/\/api.w.org\/{rel}","templated":true}]}}