{"id":1154,"date":"2020-07-07T10:36:03","date_gmt":"2020-07-07T15:36:03","guid":{"rendered":"https:\/\/coacep.com.co\/?post_type=product&#038;p=1154"},"modified":"2020-07-07T10:36:03","modified_gmt":"2020-07-07T15:36:03","slug":"parlante-kalley-spk50-rojo","status":"publish","type":"product","link":"https:\/\/coacep.com.co\/?product=parlante-kalley-spk50-rojo","title":{"rendered":"Parlante KALLEY spk50 rojo"},"content":{"rendered":"<ul>\n<li>Cuenta con bater\u00eda incorporada que te ofrece un suministro de energ\u00eda por periodos aproximados entre 4 y 8 horas<\/li>\n<li>Conectividad Bluetooth, transmite m\u00fasica desde tu tel\u00e9fono<\/li>\n<li>Luces LED, ambienta los sonidos con bajo consumo energ\u00e9tico<\/li>\n<\/ul>\n","protected":false},"excerpt":{"rendered":"<p>Cuenta con bater\u00eda incorporada que te ofrece un suministro de energ\u00eda por periodos aproximados entre 4 y 8 horas Conectividad Bluetooth, transmite m\u00fasica desde tu tel\u00e9fono Luces LED, ambienta los sonidos con bajo consumo energ\u00e9tico<\/p>\n","protected":false},"featured_media":1155,"template":"","meta":[],"product_cat":[21],"product_tag":[],"_links":{"self":[{"href":"https:\/\/coacep.com.co\/index.php?rest_route=\/wp\/v2\/product\/1154"}],"collection":[{"href":"https:\/\/coacep.com.co\/index.php?rest_route=\/wp\/v2\/product"}],"about":[{"href":"https:\/\/coacep.com.co\/index.php?rest_route=\/wp\/v2\/types\/product"}],"version-history":[{"count":0,"href":"https:\/\/coacep.com.co\/index.php?rest_route=\/wp\/v2\/product\/1154\/revisions"}],"wp:featuredmedia":[{"embeddable":true,"href":"https:\/\/coacep.com.co\/index.php?rest_route=\/wp\/v2\/media\/1155"}],"wp:attachment":[{"href":"https:\/\/coacep.com.co\/index.php?rest_route=%2Fwp%2Fv2%2Fmedia&parent=1154"}],"wp:term":[{"taxonomy":"product_cat","embeddable":true,"href":"https:\/\/coacep.com.co\/index.php?rest_route=%2Fwp%2Fv2%2Fproduct_cat&post=1154"},{"taxonomy":"product_tag","embeddable":true,"href":"https:\/\/coacep.com.co\/index.php?rest_route=%2Fwp%2Fv2%2Fproduct_tag&post=1154"}],"curies":[{"name":"wp","href":"https:\/\/api.w.org\/{rel}","templated":true}]}}