{"id":1173,"date":"2020-07-07T10:36:03","date_gmt":"2020-07-07T15:36:03","guid":{"rendered":"https:\/\/coacep.com.co\/?post_type=product&#038;p=1173"},"modified":"2020-07-07T10:36:03","modified_gmt":"2020-07-07T15:36:03","slug":"plancha-oster-vapor-4801t-roja","status":"publish","type":"product","link":"https:\/\/coacep.com.co\/?product=plancha-oster-vapor-4801t-roja","title":{"rendered":"Plancha OSTER vapor 4801t roja"},"content":{"rendered":"<ul>\n<li>Temperatura y vapor variables para distintos tipos de tejidos<\/li>\n<li>Bot\u00f3n de rociado fino que facilita la tarea del planchado<\/li>\n<li>Sistema anti-Calc que protege y prolonga la vida de la plancha, y mejora el desempe\u00f1o de la plancha<\/li>\n<li>Potente vapor permite eliminar arrugas mucho m\u00e1s r\u00e1pido<\/li>\n<li>Suela antiadherente en color que facilita el deslizamiento de la plancha<\/li>\n<li>Cable giratorio de 180\u00ba permite una mayor comodidad al momento de utilizar la plancha<\/li>\n<li>Tanque de agua con 180 ml de capacidad<\/li>\n<li>Potencia de la plancha de 1200 W<\/li>\n<\/ul>\n","protected":false},"excerpt":{"rendered":"<p>Temperatura y vapor variables para distintos tipos de tejidos Bot\u00f3n de rociado fino que facilita la tarea del planchado Sistema anti-Calc que protege y prolonga la vida de la plancha, y mejora el desempe\u00f1o de la plancha Potente vapor permite eliminar arrugas mucho m\u00e1s r\u00e1pido Suela antiadherente en color que facilita el deslizamiento de la &#8230; <a title=\"Plancha OSTER vapor 4801t roja\" class=\"read-more\" href=\"https:\/\/coacep.com.co\/?product=plancha-oster-vapor-4801t-roja\" aria-label=\"Leer m\u00e1s sobre Plancha OSTER vapor 4801t roja\">Leer m\u00e1s<\/a><\/p>\n","protected":false},"featured_media":1174,"template":"","meta":[],"product_cat":[21],"product_tag":[],"_links":{"self":[{"href":"https:\/\/coacep.com.co\/index.php?rest_route=\/wp\/v2\/product\/1173"}],"collection":[{"href":"https:\/\/coacep.com.co\/index.php?rest_route=\/wp\/v2\/product"}],"about":[{"href":"https:\/\/coacep.com.co\/index.php?rest_route=\/wp\/v2\/types\/product"}],"version-history":[{"count":0,"href":"https:\/\/coacep.com.co\/index.php?rest_route=\/wp\/v2\/product\/1173\/revisions"}],"wp:featuredmedia":[{"embeddable":true,"href":"https:\/\/coacep.com.co\/index.php?rest_route=\/wp\/v2\/media\/1174"}],"wp:attachment":[{"href":"https:\/\/coacep.com.co\/index.php?rest_route=%2Fwp%2Fv2%2Fmedia&parent=1173"}],"wp:term":[{"taxonomy":"product_cat","embeddable":true,"href":"https:\/\/coacep.com.co\/index.php?rest_route=%2Fwp%2Fv2%2Fproduct_cat&post=1173"},{"taxonomy":"product_tag","embeddable":true,"href":"https:\/\/coacep.com.co\/index.php?rest_route=%2Fwp%2Fv2%2Fproduct_tag&post=1173"}],"curies":[{"name":"wp","href":"https:\/\/api.w.org\/{rel}","templated":true}]}}