{"id":1189,"date":"2020-07-07T10:35:24","date_gmt":"2020-07-07T15:35:24","guid":{"rendered":"https:\/\/coacep.com.co\/?post_type=product&#038;p=1189"},"modified":"2020-07-07T10:35:24","modified_gmt":"2020-07-07T15:35:24","slug":"plancha-para-cabello-seco-o-humedo-reming-s7300","status":"publish","type":"product","link":"https:\/\/coacep.com.co\/?product=plancha-para-cabello-seco-o-humedo-reming-s7300","title":{"rendered":"Plancha para cabello seco o humedo reming s7300"},"content":{"rendered":"<ul>\n<li>Cuenta con placas de cer\u00e1mica avanzada con iones y micro acondicionadores con sales de mar que absorben la humedad m\u00e1s r\u00e1pido, dejando el cabello m\u00e1s suave y f\u00e1cil de peinar<\/li>\n<li>Temperatura m\u00e1xima de 230\u00b0C (450 \u00b0F), control de temperatura digital y placas flotantes de 110mm para un contacto permanente con el cabello<\/li>\n<li>Cable giratorio de 2 metros para una rutina m\u00e1s c\u00f3moda<\/li>\n<li>Voltios (Watts): 50<\/li>\n<li>Placas: Cer\u00e1mica<\/li>\n<\/ul>\n","protected":false},"excerpt":{"rendered":"<p>Cuenta con placas de cer\u00e1mica avanzada con iones y micro acondicionadores con sales de mar que absorben la humedad m\u00e1s r\u00e1pido, dejando el cabello m\u00e1s suave y f\u00e1cil de peinar Temperatura m\u00e1xima de 230\u00b0C (450 \u00b0F), control de temperatura digital y placas flotantes de 110mm para un contacto permanente con el cabello Cable giratorio de &#8230; <a title=\"Plancha para cabello seco o humedo reming s7300\" class=\"read-more\" href=\"https:\/\/coacep.com.co\/?product=plancha-para-cabello-seco-o-humedo-reming-s7300\" aria-label=\"Leer m\u00e1s sobre Plancha para cabello seco o humedo reming s7300\">Leer m\u00e1s<\/a><\/p>\n","protected":false},"featured_media":1190,"template":"","meta":[],"product_cat":[21],"product_tag":[],"_links":{"self":[{"href":"https:\/\/coacep.com.co\/index.php?rest_route=\/wp\/v2\/product\/1189"}],"collection":[{"href":"https:\/\/coacep.com.co\/index.php?rest_route=\/wp\/v2\/product"}],"about":[{"href":"https:\/\/coacep.com.co\/index.php?rest_route=\/wp\/v2\/types\/product"}],"version-history":[{"count":0,"href":"https:\/\/coacep.com.co\/index.php?rest_route=\/wp\/v2\/product\/1189\/revisions"}],"wp:featuredmedia":[{"embeddable":true,"href":"https:\/\/coacep.com.co\/index.php?rest_route=\/wp\/v2\/media\/1190"}],"wp:attachment":[{"href":"https:\/\/coacep.com.co\/index.php?rest_route=%2Fwp%2Fv2%2Fmedia&parent=1189"}],"wp:term":[{"taxonomy":"product_cat","embeddable":true,"href":"https:\/\/coacep.com.co\/index.php?rest_route=%2Fwp%2Fv2%2Fproduct_cat&post=1189"},{"taxonomy":"product_tag","embeddable":true,"href":"https:\/\/coacep.com.co\/index.php?rest_route=%2Fwp%2Fv2%2Fproduct_tag&post=1189"}],"curies":[{"name":"wp","href":"https:\/\/api.w.org\/{rel}","templated":true}]}}