{"id":1196,"date":"2020-07-07T10:35:24","date_gmt":"2020-07-07T15:35:24","guid":{"rendered":"https:\/\/coacep.com.co\/?post_type=product&#038;p=1196"},"modified":"2020-07-07T10:35:24","modified_gmt":"2020-07-07T15:35:24","slug":"plancha-vapor-bd-ir3001-impac","status":"publish","type":"product","link":"https:\/\/coacep.com.co\/?product=plancha-vapor-bd-ir3001-impac","title":{"rendered":"Plancha vapor B&amp;D ir3001 impac"},"content":{"rendered":"<p>1500 watts<\/p>\n<ul>\n<li>A prueba de ca\u00eddas<\/li>\n<li>165g de vapor<\/li>\n<li>Apagado autom\u00e1tico en 3 posiciones<\/li>\n<li>Vapor variable<\/li>\n<li>Golpe de vapor<\/li>\n<li>Roc\u00edo fino<\/li>\n<li>Sistema Auto Clean\u00ae<\/li>\n<li>Sistema Anti-Goteo<\/li>\n<li>Mango suave Comfort Grip\u2122<\/li>\n<li>Cable giratorio de 360\u00b0<\/li>\n<\/ul>\n","protected":false},"excerpt":{"rendered":"<p>1500 watts A prueba de ca\u00eddas 165g de vapor Apagado autom\u00e1tico en 3 posiciones Vapor variable Golpe de vapor Roc\u00edo fino Sistema Auto Clean\u00ae Sistema Anti-Goteo Mango suave Comfort Grip\u2122 Cable giratorio de 360\u00b0<\/p>\n","protected":false},"featured_media":1197,"template":"","meta":[],"product_cat":[21],"product_tag":[],"_links":{"self":[{"href":"https:\/\/coacep.com.co\/index.php?rest_route=\/wp\/v2\/product\/1196"}],"collection":[{"href":"https:\/\/coacep.com.co\/index.php?rest_route=\/wp\/v2\/product"}],"about":[{"href":"https:\/\/coacep.com.co\/index.php?rest_route=\/wp\/v2\/types\/product"}],"version-history":[{"count":0,"href":"https:\/\/coacep.com.co\/index.php?rest_route=\/wp\/v2\/product\/1196\/revisions"}],"wp:featuredmedia":[{"embeddable":true,"href":"https:\/\/coacep.com.co\/index.php?rest_route=\/wp\/v2\/media\/1197"}],"wp:attachment":[{"href":"https:\/\/coacep.com.co\/index.php?rest_route=%2Fwp%2Fv2%2Fmedia&parent=1196"}],"wp:term":[{"taxonomy":"product_cat","embeddable":true,"href":"https:\/\/coacep.com.co\/index.php?rest_route=%2Fwp%2Fv2%2Fproduct_cat&post=1196"},{"taxonomy":"product_tag","embeddable":true,"href":"https:\/\/coacep.com.co\/index.php?rest_route=%2Fwp%2Fv2%2Fproduct_tag&post=1196"}],"curies":[{"name":"wp","href":"https:\/\/api.w.org\/{rel}","templated":true}]}}