{"id":1216,"date":"2020-07-07T10:35:24","date_gmt":"2020-07-07T15:35:24","guid":{"rendered":"https:\/\/coacep.com.co\/?post_type=product&#038;p=1216"},"modified":"2020-07-07T10:35:24","modified_gmt":"2020-07-07T15:35:24","slug":"procesador-bd-fp4200b","status":"publish","type":"product","link":"https:\/\/coacep.com.co\/?product=procesador-bd-fp4200b","title":{"rendered":"Procesador B&amp;D fp4200b"},"content":{"rendered":"<ul>\n<li>Motor potente de 450 watts<\/li>\n<li>2 velocidades m\u00e1s funciones de pulso<\/li>\n<li>Recipiente con capacidad de 8 tazas<\/li>\n<li>Sistema de entrecierre de seguridad mejorado<\/li>\n<li>Controles t\u00e1ctiles f\u00e1ciles de limpiar<\/li>\n<li>Pies de succi\u00f3n antideslizantes<\/li>\n<li>Piezas aptas para m\u00e1quina lavaplatos<\/li>\n<\/ul>\n","protected":false},"excerpt":{"rendered":"<p>Motor potente de 450 watts 2 velocidades m\u00e1s funciones de pulso Recipiente con capacidad de 8 tazas Sistema de entrecierre de seguridad mejorado Controles t\u00e1ctiles f\u00e1ciles de limpiar Pies de succi\u00f3n antideslizantes Piezas aptas para m\u00e1quina lavaplatos<\/p>\n","protected":false},"featured_media":1217,"template":"","meta":[],"product_cat":[21],"product_tag":[],"_links":{"self":[{"href":"https:\/\/coacep.com.co\/index.php?rest_route=\/wp\/v2\/product\/1216"}],"collection":[{"href":"https:\/\/coacep.com.co\/index.php?rest_route=\/wp\/v2\/product"}],"about":[{"href":"https:\/\/coacep.com.co\/index.php?rest_route=\/wp\/v2\/types\/product"}],"version-history":[{"count":0,"href":"https:\/\/coacep.com.co\/index.php?rest_route=\/wp\/v2\/product\/1216\/revisions"}],"wp:featuredmedia":[{"embeddable":true,"href":"https:\/\/coacep.com.co\/index.php?rest_route=\/wp\/v2\/media\/1217"}],"wp:attachment":[{"href":"https:\/\/coacep.com.co\/index.php?rest_route=%2Fwp%2Fv2%2Fmedia&parent=1216"}],"wp:term":[{"taxonomy":"product_cat","embeddable":true,"href":"https:\/\/coacep.com.co\/index.php?rest_route=%2Fwp%2Fv2%2Fproduct_cat&post=1216"},{"taxonomy":"product_tag","embeddable":true,"href":"https:\/\/coacep.com.co\/index.php?rest_route=%2Fwp%2Fv2%2Fproduct_tag&post=1216"}],"curies":[{"name":"wp","href":"https:\/\/api.w.org\/{rel}","templated":true}]}}