{"id":1219,"date":"2020-07-07T10:35:24","date_gmt":"2020-07-07T15:35:24","guid":{"rendered":"https:\/\/coacep.com.co\/?post_type=product&#038;p=1219"},"modified":"2020-07-07T10:35:24","modified_gmt":"2020-07-07T15:35:24","slug":"reloj-kalley-k-gsmartb-negro","status":"publish","type":"product","link":"https:\/\/coacep.com.co\/?product=reloj-kalley-k-gsmartb-negro","title":{"rendered":"Reloj KALLEY k-gsmartb negro"},"content":{"rendered":"<ul class=\"tab-details__keyFeatures--list\">\n<li class=\"tab-details__keyFeatures--item\">Reloj Impermeable: Resistencia al agua con grado IP67.<\/li>\n<li class=\"tab-details__keyFeatures--item\">Visualizaci\u00f3n de notificaciones m\u00e1s recientes<\/li>\n<li class=\"tab-details__keyFeatures--item\">Ritmo card\u00edaco: Monitoreo de latidos del coraz\u00f3n por minuto<\/li>\n<li class=\"tab-details__keyFeatures--item\">Funciones simples y convenientes para controlar m\u00fasica<\/li>\n<li class=\"tab-details__keyFeatures--item\">Disfruta de informaci\u00f3n inmediata de tu condici\u00f3n f\u00edsica tales como numero de pasos, distancia recorrida y calor\u00edas quemadas<\/li>\n<\/ul>\n","protected":false},"excerpt":{"rendered":"<p>Reloj Impermeable: Resistencia al agua con grado IP67. Visualizaci\u00f3n de notificaciones m\u00e1s recientes Ritmo card\u00edaco: Monitoreo de latidos del coraz\u00f3n por minuto Funciones simples y convenientes para controlar m\u00fasica Disfruta de informaci\u00f3n inmediata de tu condici\u00f3n f\u00edsica tales como numero de pasos, distancia recorrida y calor\u00edas quemadas<\/p>\n","protected":false},"featured_media":1220,"template":"","meta":[],"product_cat":[21],"product_tag":[],"_links":{"self":[{"href":"https:\/\/coacep.com.co\/index.php?rest_route=\/wp\/v2\/product\/1219"}],"collection":[{"href":"https:\/\/coacep.com.co\/index.php?rest_route=\/wp\/v2\/product"}],"about":[{"href":"https:\/\/coacep.com.co\/index.php?rest_route=\/wp\/v2\/types\/product"}],"version-history":[{"count":0,"href":"https:\/\/coacep.com.co\/index.php?rest_route=\/wp\/v2\/product\/1219\/revisions"}],"wp:featuredmedia":[{"embeddable":true,"href":"https:\/\/coacep.com.co\/index.php?rest_route=\/wp\/v2\/media\/1220"}],"wp:attachment":[{"href":"https:\/\/coacep.com.co\/index.php?rest_route=%2Fwp%2Fv2%2Fmedia&parent=1219"}],"wp:term":[{"taxonomy":"product_cat","embeddable":true,"href":"https:\/\/coacep.com.co\/index.php?rest_route=%2Fwp%2Fv2%2Fproduct_cat&post=1219"},{"taxonomy":"product_tag","embeddable":true,"href":"https:\/\/coacep.com.co\/index.php?rest_route=%2Fwp%2Fv2%2Fproduct_tag&post=1219"}],"curies":[{"name":"wp","href":"https:\/\/api.w.org\/{rel}","templated":true}]}}