{"id":1241,"date":"2020-07-07T10:35:23","date_gmt":"2020-07-07T15:35:23","guid":{"rendered":"https:\/\/coacep.com.co\/?post_type=product&#038;p=1241"},"modified":"2020-07-07T10:35:23","modified_gmt":"2020-07-07T15:35:23","slug":"selfie-stick-bt-kalley-trip-azul","status":"publish","type":"product","link":"https:\/\/coacep.com.co\/?product=selfie-stick-bt-kalley-trip-azul","title":{"rendered":"Selfie stick bt kalley + trip azul"},"content":{"rendered":"<ul>\n<li>La conexi\u00f3n bluetooth permite enlazar con cualquier dispositivo con este perfil de conexi\u00f3n<\/li>\n<li>Compatible con Versi\u00f3n de Android desde 4.2 hasta 7, Versi\u00f3n IOS desde 6 hasta 10.2.1<\/li>\n<li>\u00c1ngulo de Ajuste para el celular es de m\u00e1ximo 280\u00b0<\/li>\n<li>La capacidad de extensi\u00f3n es ajustable en 3 niveles, logrando excelentes \u00e1ngulos en todas tus im\u00e1genes<\/li>\n<li>Tama\u00f1o m\u00ednimo: 27cm &#8211; Tama\u00f1o m\u00e1ximo: 88cm<\/li>\n<li>Acople de 1\/4&#8243; hembra (Este es compatible con tr\u00edpodes que tengan tornillo de 1\/4&#8243;)<\/li>\n<li>Incluye banda y goma protectora la cual mantiene asegurado el dispositivo evitando que se deslice<\/li>\n<li>Capacidad carga Max. 500gr<\/li>\n<li>Mango de agarre ergon\u00f3mico (Evita que se deslice el producto ya que su mango est\u00e1 fabricado en un pol\u00edmero de caracter\u00edsticas especiales)<\/li>\n<li>Peso Neto 160gr<\/li>\n<\/ul>\n","protected":false},"excerpt":{"rendered":"<p>La conexi\u00f3n bluetooth permite enlazar con cualquier dispositivo con este perfil de conexi\u00f3n Compatible con Versi\u00f3n de Android desde 4.2 hasta 7, Versi\u00f3n IOS desde 6 hasta 10.2.1 \u00c1ngulo de Ajuste para el celular es de m\u00e1ximo 280\u00b0 La capacidad de extensi\u00f3n es ajustable en 3 niveles, logrando excelentes \u00e1ngulos en todas tus im\u00e1genes Tama\u00f1o &#8230; <a title=\"Selfie stick bt kalley + trip azul\" class=\"read-more\" href=\"https:\/\/coacep.com.co\/?product=selfie-stick-bt-kalley-trip-azul\" aria-label=\"Leer m\u00e1s sobre Selfie stick bt kalley + trip azul\">Leer m\u00e1s<\/a><\/p>\n","protected":false},"featured_media":1242,"template":"","meta":[],"product_cat":[21],"product_tag":[],"_links":{"self":[{"href":"https:\/\/coacep.com.co\/index.php?rest_route=\/wp\/v2\/product\/1241"}],"collection":[{"href":"https:\/\/coacep.com.co\/index.php?rest_route=\/wp\/v2\/product"}],"about":[{"href":"https:\/\/coacep.com.co\/index.php?rest_route=\/wp\/v2\/types\/product"}],"version-history":[{"count":0,"href":"https:\/\/coacep.com.co\/index.php?rest_route=\/wp\/v2\/product\/1241\/revisions"}],"wp:featuredmedia":[{"embeddable":true,"href":"https:\/\/coacep.com.co\/index.php?rest_route=\/wp\/v2\/media\/1242"}],"wp:attachment":[{"href":"https:\/\/coacep.com.co\/index.php?rest_route=%2Fwp%2Fv2%2Fmedia&parent=1241"}],"wp:term":[{"taxonomy":"product_cat","embeddable":true,"href":"https:\/\/coacep.com.co\/index.php?rest_route=%2Fwp%2Fv2%2Fproduct_cat&post=1241"},{"taxonomy":"product_tag","embeddable":true,"href":"https:\/\/coacep.com.co\/index.php?rest_route=%2Fwp%2Fv2%2Fproduct_tag&post=1241"}],"curies":[{"name":"wp","href":"https:\/\/api.w.org\/{rel}","templated":true}]}}