{"id":1245,"date":"2020-07-07T10:35:23","date_gmt":"2020-07-07T15:35:23","guid":{"rendered":"https:\/\/coacep.com.co\/?post_type=product&#038;p=1245"},"modified":"2020-07-07T10:35:23","modified_gmt":"2020-07-07T15:35:23","slug":"televisor-kalley-28-pulgadas-k-led28hdt2","status":"publish","type":"product","link":"https:\/\/coacep.com.co\/?product=televisor-kalley-28-pulgadas-k-led28hdt2","title":{"rendered":"Televisor KALLEY 28 pulgadas K-LED28HDT2"},"content":{"rendered":"<ul>\n<li>Resoluci\u00f3n HD te permite grabar tu programa favorito desde tu televisor directamente a tu USB<\/li>\n<li>Su iluminaci\u00f3n trasera D-LED lo convierte en el integrante que tu hogar necesitaba para llenar tus momentos de diversi\u00f3n y entretenimiento en familia<\/li>\n<li>2 puertos HDMI<\/li>\n<li>1 puerto USB<\/li>\n<li>Sintonizador digital DVB-T2 incorporado<\/li>\n<li>Programaci\u00f3n prendido y apagado autom\u00e1tico<\/li>\n<li>Sistema PVR &#8211; Grabaci\u00f3n digital programable<\/li>\n<li>Recordatorio de programaci\u00f3n<\/li>\n<\/ul>\n","protected":false},"excerpt":{"rendered":"<p>Resoluci\u00f3n HD te permite grabar tu programa favorito desde tu televisor directamente a tu USB Su iluminaci\u00f3n trasera D-LED lo convierte en el integrante que tu hogar necesitaba para llenar tus momentos de diversi\u00f3n y entretenimiento en familia 2 puertos HDMI 1 puerto USB Sintonizador digital DVB-T2 incorporado Programaci\u00f3n prendido y apagado autom\u00e1tico Sistema PVR &#8230; <a title=\"Televisor KALLEY 28 pulgadas K-LED28HDT2\" class=\"read-more\" href=\"https:\/\/coacep.com.co\/?product=televisor-kalley-28-pulgadas-k-led28hdt2\" aria-label=\"Leer m\u00e1s sobre Televisor KALLEY 28 pulgadas K-LED28HDT2\">Leer m\u00e1s<\/a><\/p>\n","protected":false},"featured_media":1246,"template":"","meta":[],"product_cat":[21],"product_tag":[],"_links":{"self":[{"href":"https:\/\/coacep.com.co\/index.php?rest_route=\/wp\/v2\/product\/1245"}],"collection":[{"href":"https:\/\/coacep.com.co\/index.php?rest_route=\/wp\/v2\/product"}],"about":[{"href":"https:\/\/coacep.com.co\/index.php?rest_route=\/wp\/v2\/types\/product"}],"version-history":[{"count":0,"href":"https:\/\/coacep.com.co\/index.php?rest_route=\/wp\/v2\/product\/1245\/revisions"}],"wp:featuredmedia":[{"embeddable":true,"href":"https:\/\/coacep.com.co\/index.php?rest_route=\/wp\/v2\/media\/1246"}],"wp:attachment":[{"href":"https:\/\/coacep.com.co\/index.php?rest_route=%2Fwp%2Fv2%2Fmedia&parent=1245"}],"wp:term":[{"taxonomy":"product_cat","embeddable":true,"href":"https:\/\/coacep.com.co\/index.php?rest_route=%2Fwp%2Fv2%2Fproduct_cat&post=1245"},{"taxonomy":"product_tag","embeddable":true,"href":"https:\/\/coacep.com.co\/index.php?rest_route=%2Fwp%2Fv2%2Fproduct_tag&post=1245"}],"curies":[{"name":"wp","href":"https:\/\/api.w.org\/{rel}","templated":true}]}}