{"id":1270,"date":"2020-07-07T19:45:52","date_gmt":"2020-07-08T00:45:52","guid":{"rendered":"https:\/\/coacep.com.co\/?post_type=product&#038;p=1270"},"modified":"2020-07-07T19:45:52","modified_gmt":"2020-07-08T00:45:52","slug":"televisor-lg-60-pulgadas-60um7200pda","status":"publish","type":"product","link":"https:\/\/coacep.com.co\/?product=televisor-lg-60-pulgadas-60um7200pda","title":{"rendered":"Televisor LG 60 pulgadas 60um7200pda"},"content":{"rendered":"<ul>\n<li>Pantalla LED dise\u00f1o exquisito<\/li>\n<li>4K Active HDR, para obtener detalles incre\u00edbles<\/li>\n<li>Sonido Ultra Surround<\/li>\n<li>Smart TV accede de forma f\u00e1cil a tu contenido favorito<\/li>\n<li>Resoluci\u00f3n UHD 4K (3840 x 2160)<\/li>\n<li>Procesador Quad Core Processor<\/li>\n<li>Salida de audio 20W<\/li>\n<li>Bluetooth<\/li>\n<li>WiFi<\/li>\n<\/ul>\n","protected":false},"excerpt":{"rendered":"<p>Pantalla LED dise\u00f1o exquisito 4K Active HDR, para obtener detalles incre\u00edbles Sonido Ultra Surround Smart TV accede de forma f\u00e1cil a tu contenido favorito Resoluci\u00f3n UHD 4K (3840 x 2160) Procesador Quad Core Processor Salida de audio 20W Bluetooth WiFi<\/p>\n","protected":false},"featured_media":1271,"template":"","meta":[],"product_cat":[21],"product_tag":[],"_links":{"self":[{"href":"https:\/\/coacep.com.co\/index.php?rest_route=\/wp\/v2\/product\/1270"}],"collection":[{"href":"https:\/\/coacep.com.co\/index.php?rest_route=\/wp\/v2\/product"}],"about":[{"href":"https:\/\/coacep.com.co\/index.php?rest_route=\/wp\/v2\/types\/product"}],"version-history":[{"count":0,"href":"https:\/\/coacep.com.co\/index.php?rest_route=\/wp\/v2\/product\/1270\/revisions"}],"wp:featuredmedia":[{"embeddable":true,"href":"https:\/\/coacep.com.co\/index.php?rest_route=\/wp\/v2\/media\/1271"}],"wp:attachment":[{"href":"https:\/\/coacep.com.co\/index.php?rest_route=%2Fwp%2Fv2%2Fmedia&parent=1270"}],"wp:term":[{"taxonomy":"product_cat","embeddable":true,"href":"https:\/\/coacep.com.co\/index.php?rest_route=%2Fwp%2Fv2%2Fproduct_cat&post=1270"},{"taxonomy":"product_tag","embeddable":true,"href":"https:\/\/coacep.com.co\/index.php?rest_route=%2Fwp%2Fv2%2Fproduct_tag&post=1270"}],"curies":[{"name":"wp","href":"https:\/\/api.w.org\/{rel}","templated":true}]}}