{"id":1279,"date":"2020-07-07T19:45:52","date_gmt":"2020-07-08T00:45:52","guid":{"rendered":"https:\/\/coacep.com.co\/?post_type=product&#038;p=1279"},"modified":"2020-07-07T19:45:52","modified_gmt":"2020-07-08T00:45:52","slug":"televisor-samsung-32-pulgadas-j4000","status":"publish","type":"product","link":"https:\/\/coacep.com.co\/?product=televisor-samsung-32-pulgadas-j4000","title":{"rendered":"Televisor SAMSUNG 32 pulgadas J4000"},"content":{"rendered":"<ul>\n<li>Resoluci\u00f3n 1.366 x 768<\/li>\n<li>HD<\/li>\n<li>Wide Color Enhancer (Plus)<\/li>\n<li>Con Modo F\u00fatbol, tus deportes favoritos como en el estadio<\/li>\n<li>Compatible con TDT, podr\u00e1s ver canales nacionales en HD sin costo<\/li>\n<\/ul>\n","protected":false},"excerpt":{"rendered":"<p>Resoluci\u00f3n 1.366 x 768 HD Wide Color Enhancer (Plus) Con Modo F\u00fatbol, tus deportes favoritos como en el estadio Compatible con TDT, podr\u00e1s ver canales nacionales en HD sin costo<\/p>\n","protected":false},"featured_media":1280,"template":"","meta":[],"product_cat":[21],"product_tag":[],"_links":{"self":[{"href":"https:\/\/coacep.com.co\/index.php?rest_route=\/wp\/v2\/product\/1279"}],"collection":[{"href":"https:\/\/coacep.com.co\/index.php?rest_route=\/wp\/v2\/product"}],"about":[{"href":"https:\/\/coacep.com.co\/index.php?rest_route=\/wp\/v2\/types\/product"}],"version-history":[{"count":0,"href":"https:\/\/coacep.com.co\/index.php?rest_route=\/wp\/v2\/product\/1279\/revisions"}],"wp:featuredmedia":[{"embeddable":true,"href":"https:\/\/coacep.com.co\/index.php?rest_route=\/wp\/v2\/media\/1280"}],"wp:attachment":[{"href":"https:\/\/coacep.com.co\/index.php?rest_route=%2Fwp%2Fv2%2Fmedia&parent=1279"}],"wp:term":[{"taxonomy":"product_cat","embeddable":true,"href":"https:\/\/coacep.com.co\/index.php?rest_route=%2Fwp%2Fv2%2Fproduct_cat&post=1279"},{"taxonomy":"product_tag","embeddable":true,"href":"https:\/\/coacep.com.co\/index.php?rest_route=%2Fwp%2Fv2%2Fproduct_tag&post=1279"}],"curies":[{"name":"wp","href":"https:\/\/api.w.org\/{rel}","templated":true}]}}