{"id":1288,"date":"2020-07-07T19:45:52","date_gmt":"2020-07-08T00:45:52","guid":{"rendered":"https:\/\/coacep.com.co\/?post_type=product&#038;p=1288"},"modified":"2020-07-07T19:45:52","modified_gmt":"2020-07-08T00:45:52","slug":"televisor-samsung-50-pulgadas-uhd","status":"publish","type":"product","link":"https:\/\/coacep.com.co\/?product=televisor-samsung-50-pulgadas-uhd","title":{"rendered":"Televisor SAMSUNG 50 pulgadas UHD"},"content":{"rendered":"<ul>\n<li>Smart tv<\/li>\n<li>Resoluci\u00f3n 4k<\/li>\n<li>Wi-Fi Direct<\/li>\n<li>Modos: Modo de juego, Modo Pel\u00edcula, Modo Natural<\/li>\n<li>Tipo de Altavoz Dolby Digital Plus &#8211; 2CH<\/li>\n<li>Celular a TV<\/li>\n<li>Salida de Sonido 20W<\/li>\n<li>N\u00famero De Puertos HDMI 3<\/li>\n<li>N\u00famero De Puertos USB 2<\/li>\n<li>Entrada de Red (LAN)<\/li>\n<li>Audio Bluethooth<\/li>\n<li>Puerto Audio \u00d3ptico<\/li>\n<li>Puerto LAN<\/li>\n<li>TDT<\/li>\n<\/ul>\n","protected":false},"excerpt":{"rendered":"<p>Smart tv Resoluci\u00f3n 4k Wi-Fi Direct Modos: Modo de juego, Modo Pel\u00edcula, Modo Natural Tipo de Altavoz Dolby Digital Plus &#8211; 2CH Celular a TV Salida de Sonido 20W N\u00famero De Puertos HDMI 3 N\u00famero De Puertos USB 2 Entrada de Red (LAN) Audio Bluethooth Puerto Audio \u00d3ptico Puerto LAN TDT<\/p>\n","protected":false},"featured_media":1289,"template":"","meta":[],"product_cat":[21],"product_tag":[],"_links":{"self":[{"href":"https:\/\/coacep.com.co\/index.php?rest_route=\/wp\/v2\/product\/1288"}],"collection":[{"href":"https:\/\/coacep.com.co\/index.php?rest_route=\/wp\/v2\/product"}],"about":[{"href":"https:\/\/coacep.com.co\/index.php?rest_route=\/wp\/v2\/types\/product"}],"version-history":[{"count":0,"href":"https:\/\/coacep.com.co\/index.php?rest_route=\/wp\/v2\/product\/1288\/revisions"}],"wp:featuredmedia":[{"embeddable":true,"href":"https:\/\/coacep.com.co\/index.php?rest_route=\/wp\/v2\/media\/1289"}],"wp:attachment":[{"href":"https:\/\/coacep.com.co\/index.php?rest_route=%2Fwp%2Fv2%2Fmedia&parent=1288"}],"wp:term":[{"taxonomy":"product_cat","embeddable":true,"href":"https:\/\/coacep.com.co\/index.php?rest_route=%2Fwp%2Fv2%2Fproduct_cat&post=1288"},{"taxonomy":"product_tag","embeddable":true,"href":"https:\/\/coacep.com.co\/index.php?rest_route=%2Fwp%2Fv2%2Fproduct_tag&post=1288"}],"curies":[{"name":"wp","href":"https:\/\/api.w.org\/{rel}","templated":true}]}}