{"id":1292,"date":"2020-07-07T19:45:52","date_gmt":"2020-07-08T00:45:52","guid":{"rendered":"https:\/\/coacep.com.co\/?post_type=product&#038;p=1292"},"modified":"2020-07-07T19:45:52","modified_gmt":"2020-07-08T00:45:52","slug":"televisor-samsung-50-pulgadas-smartv-4k-bluetooth","status":"publish","type":"product","link":"https:\/\/coacep.com.co\/?product=televisor-samsung-50-pulgadas-smartv-4k-bluetooth","title":{"rendered":"Televisor SAMSUNG 50 pulgadas smartv 4k bluetooth"},"content":{"rendered":"<ul>\n<li>Ver\u00e1s m\u00e1s detalles y disfrutar\u00e1s m\u00e1s<\/li>\n<li>Soundbar optimizado para los televisores Samsung<\/li>\n<li>PurColor<\/li>\n<li>Resoluci\u00f3n 3,840 x 2,160<\/li>\n<\/ul>\n","protected":false},"excerpt":{"rendered":"<p>Ver\u00e1s m\u00e1s detalles y disfrutar\u00e1s m\u00e1s Soundbar optimizado para los televisores Samsung PurColor Resoluci\u00f3n 3,840 x 2,160<\/p>\n","protected":false},"featured_media":1293,"template":"","meta":[],"product_cat":[21],"product_tag":[],"_links":{"self":[{"href":"https:\/\/coacep.com.co\/index.php?rest_route=\/wp\/v2\/product\/1292"}],"collection":[{"href":"https:\/\/coacep.com.co\/index.php?rest_route=\/wp\/v2\/product"}],"about":[{"href":"https:\/\/coacep.com.co\/index.php?rest_route=\/wp\/v2\/types\/product"}],"version-history":[{"count":0,"href":"https:\/\/coacep.com.co\/index.php?rest_route=\/wp\/v2\/product\/1292\/revisions"}],"wp:featuredmedia":[{"embeddable":true,"href":"https:\/\/coacep.com.co\/index.php?rest_route=\/wp\/v2\/media\/1293"}],"wp:attachment":[{"href":"https:\/\/coacep.com.co\/index.php?rest_route=%2Fwp%2Fv2%2Fmedia&parent=1292"}],"wp:term":[{"taxonomy":"product_cat","embeddable":true,"href":"https:\/\/coacep.com.co\/index.php?rest_route=%2Fwp%2Fv2%2Fproduct_cat&post=1292"},{"taxonomy":"product_tag","embeddable":true,"href":"https:\/\/coacep.com.co\/index.php?rest_route=%2Fwp%2Fv2%2Fproduct_tag&post=1292"}],"curies":[{"name":"wp","href":"https:\/\/api.w.org\/{rel}","templated":true}]}}