{"id":534,"date":"2020-05-20T23:17:57","date_gmt":"2020-05-21T04:17:57","guid":{"rendered":"https:\/\/coacep.com.co\/?post_type=product&#038;p=534"},"modified":"2020-06-16T21:46:25","modified_gmt":"2020-06-17T02:46:25","slug":"batidora-black-decker-pedestal","status":"publish","type":"product","link":"https:\/\/coacep.com.co\/?product=batidora-black-decker-pedestal","title":{"rendered":"Batidora BLACK DECKER PEDESTAL"},"content":{"rendered":"<p>Caracter\u00edsticas:<\/p>\n<ul>\n<li>Taza de vidrio<\/li>\n<li>Potencia 250 watts<\/li>\n<li>Bot\u00f3n para liberar las aspas<\/li>\n<li>Piezas removibles y lavables<\/li>\n<li>Modelo MX900<\/li>\n<li>Liviana y ergon\u00f3mica<\/li>\n<\/ul>\n","protected":false},"excerpt":{"rendered":"<p>Caracter\u00edsticas: Taza de vidrio Potencia 250 watts Bot\u00f3n para liberar las aspas Piezas removibles y lavables Modelo MX900 Liviana y ergon\u00f3mica<\/p>\n","protected":false},"featured_media":535,"template":"","meta":[],"product_cat":[16],"product_tag":[],"_links":{"self":[{"href":"https:\/\/coacep.com.co\/index.php?rest_route=\/wp\/v2\/product\/534"}],"collection":[{"href":"https:\/\/coacep.com.co\/index.php?rest_route=\/wp\/v2\/product"}],"about":[{"href":"https:\/\/coacep.com.co\/index.php?rest_route=\/wp\/v2\/types\/product"}],"version-history":[{"count":0,"href":"https:\/\/coacep.com.co\/index.php?rest_route=\/wp\/v2\/product\/534\/revisions"}],"wp:featuredmedia":[{"embeddable":true,"href":"https:\/\/coacep.com.co\/index.php?rest_route=\/wp\/v2\/media\/535"}],"wp:attachment":[{"href":"https:\/\/coacep.com.co\/index.php?rest_route=%2Fwp%2Fv2%2Fmedia&parent=534"}],"wp:term":[{"taxonomy":"product_cat","embeddable":true,"href":"https:\/\/coacep.com.co\/index.php?rest_route=%2Fwp%2Fv2%2Fproduct_cat&post=534"},{"taxonomy":"product_tag","embeddable":true,"href":"https:\/\/coacep.com.co\/index.php?rest_route=%2Fwp%2Fv2%2Fproduct_tag&post=534"}],"curies":[{"name":"wp","href":"https:\/\/api.w.org\/{rel}","templated":true}]}}