{"id":538,"date":"2020-05-21T11:59:34","date_gmt":"2020-05-21T16:59:34","guid":{"rendered":"https:\/\/coacep.com.co\/?post_type=product&#038;p=538"},"modified":"2020-06-16T21:46:12","modified_gmt":"2020-06-17T02:46:12","slug":"cortadora-de-cabello-remington-hc5850","status":"publish","type":"product","link":"https:\/\/coacep.com.co\/?product=cortadora-de-cabello-remington-hc5850","title":{"rendered":"Cortadora de cabello REMINGTON HC5850"},"content":{"rendered":"<p>Caracter\u00edsticas:<\/p>\n<ul>\n<li>Tipo de cabezales navajas<\/li>\n<li>Garant\u00eda del proveedor de 4 a\u00f1os<\/li>\n<li>Voltaje 110 \u2013 120 V<\/li>\n<li>Cuchillas de precisi\u00f3n para un rendimiento de corte 4 veces m\u00e1s r\u00e1pido.<\/li>\n<\/ul>\n","protected":false},"excerpt":{"rendered":"<p>Caracter\u00edsticas: Tipo de cabezales navajas Garant\u00eda del proveedor de 4 a\u00f1os Voltaje 110 \u2013 120 V Cuchillas de precisi\u00f3n para un rendimiento de corte 4 veces m\u00e1s r\u00e1pido.<\/p>\n","protected":false},"featured_media":539,"template":"","meta":[],"product_cat":[21],"product_tag":[],"_links":{"self":[{"href":"https:\/\/coacep.com.co\/index.php?rest_route=\/wp\/v2\/product\/538"}],"collection":[{"href":"https:\/\/coacep.com.co\/index.php?rest_route=\/wp\/v2\/product"}],"about":[{"href":"https:\/\/coacep.com.co\/index.php?rest_route=\/wp\/v2\/types\/product"}],"version-history":[{"count":0,"href":"https:\/\/coacep.com.co\/index.php?rest_route=\/wp\/v2\/product\/538\/revisions"}],"wp:featuredmedia":[{"embeddable":true,"href":"https:\/\/coacep.com.co\/index.php?rest_route=\/wp\/v2\/media\/539"}],"wp:attachment":[{"href":"https:\/\/coacep.com.co\/index.php?rest_route=%2Fwp%2Fv2%2Fmedia&parent=538"}],"wp:term":[{"taxonomy":"product_cat","embeddable":true,"href":"https:\/\/coacep.com.co\/index.php?rest_route=%2Fwp%2Fv2%2Fproduct_cat&post=538"},{"taxonomy":"product_tag","embeddable":true,"href":"https:\/\/coacep.com.co\/index.php?rest_route=%2Fwp%2Fv2%2Fproduct_tag&post=538"}],"curies":[{"name":"wp","href":"https:\/\/api.w.org\/{rel}","templated":true}]}}