{"id":574,"date":"2020-05-26T14:31:12","date_gmt":"2020-05-26T19:31:12","guid":{"rendered":"https:\/\/coacep.com.co\/?post_type=product&#038;p=574"},"modified":"2020-06-16T21:44:30","modified_gmt":"2020-06-17T02:44:30","slug":"samsung-65-pulgadas-tv-ru7100-hdr-inteligente-4k","status":"publish","type":"product","link":"https:\/\/coacep.com.co\/?product=samsung-65-pulgadas-tv-ru7100-hdr-inteligente-4k","title":{"rendered":"Samsung 65 pulgadas TV ru7100 HDR Inteligente 4K"},"content":{"rendered":"<p>Caracter\u00edstica<\/p>\n<ul>\n<li>Verdadero 4k color y claridad: no se conforman con nada menos que los colores puros, agudo contraste y el brillo entregado por las \u00faltimas normas de resoluci\u00f3n de 4k<\/li>\n<li>Smart Hub: obtener acceso a la mayor colecci\u00f3n de contenido 4k y toda su captura hasta aplicaciones de televisi\u00f3n, incluyendo el Apple TV, BT deporte y ahora aplicaciones de TV, s\u00f3lo en Samsung.<\/li>\n<li>Dimensiones 31,2 x 145,7 x 91,7 cm<\/li>\n<\/ul>\n<p>Ll\u00e9valo por solo 18 cuotas de $185.500<\/p>\n","protected":false},"excerpt":{"rendered":"<p>Caracter\u00edstica Verdadero 4k color y claridad: no se conforman con nada menos que los colores puros, agudo contraste y el brillo entregado por las \u00faltimas normas de resoluci\u00f3n de 4k Smart Hub: obtener acceso a la mayor colecci\u00f3n de contenido 4k y toda su captura hasta aplicaciones de televisi\u00f3n, incluyendo el Apple TV, BT deporte &#8230; <a title=\"Samsung 65 pulgadas TV ru7100 HDR Inteligente 4K\" class=\"read-more\" href=\"https:\/\/coacep.com.co\/?product=samsung-65-pulgadas-tv-ru7100-hdr-inteligente-4k\" aria-label=\"Leer m\u00e1s sobre Samsung 65 pulgadas TV ru7100 HDR Inteligente 4K\">Leer m\u00e1s<\/a><\/p>\n","protected":false},"featured_media":575,"template":"","meta":[],"product_cat":[21],"product_tag":[],"_links":{"self":[{"href":"https:\/\/coacep.com.co\/index.php?rest_route=\/wp\/v2\/product\/574"}],"collection":[{"href":"https:\/\/coacep.com.co\/index.php?rest_route=\/wp\/v2\/product"}],"about":[{"href":"https:\/\/coacep.com.co\/index.php?rest_route=\/wp\/v2\/types\/product"}],"version-history":[{"count":0,"href":"https:\/\/coacep.com.co\/index.php?rest_route=\/wp\/v2\/product\/574\/revisions"}],"wp:featuredmedia":[{"embeddable":true,"href":"https:\/\/coacep.com.co\/index.php?rest_route=\/wp\/v2\/media\/575"}],"wp:attachment":[{"href":"https:\/\/coacep.com.co\/index.php?rest_route=%2Fwp%2Fv2%2Fmedia&parent=574"}],"wp:term":[{"taxonomy":"product_cat","embeddable":true,"href":"https:\/\/coacep.com.co\/index.php?rest_route=%2Fwp%2Fv2%2Fproduct_cat&post=574"},{"taxonomy":"product_tag","embeddable":true,"href":"https:\/\/coacep.com.co\/index.php?rest_route=%2Fwp%2Fv2%2Fproduct_tag&post=574"}],"curies":[{"name":"wp","href":"https:\/\/api.w.org\/{rel}","templated":true}]}}