{"id":577,"date":"2020-05-26T14:31:12","date_gmt":"2020-05-26T19:31:12","guid":{"rendered":"https:\/\/coacep.com.co\/?post_type=product&#038;p=577"},"modified":"2020-06-16T21:44:21","modified_gmt":"2020-06-17T02:44:21","slug":"tv-50-pulgadas-127cm-samsung-50nu7100-uhd-tv","status":"publish","type":"product","link":"https:\/\/coacep.com.co\/?product=tv-50-pulgadas-127cm-samsung-50nu7100-uhd-tv","title":{"rendered":"TV 50 pulgadas 127cm Samsung 50NU7100 UHD TV"},"content":{"rendered":"<p>Caracter\u00edsticas<\/p>\n<ul>\n<li>HDR, alto rango din\u00e1mico para escenas reales<\/li>\n<li>Slim Design, un elegante dise\u00f1o delgado para un aspecto moderno<\/li>\n<li>Dimensiones Ancho 111.48 cm x Alto 65.02 cm x Fondo 5.97 Cm<\/li>\n<li>Tama\u00f1o de la pantalla de TV 127 cm<\/li>\n<li>Pantalla LED<\/li>\n<li>4K-UHD<\/li>\n<li>Bluetooth y WiFi<\/li>\n<\/ul>\n<p>Ll\u00e9valo por solo 12 cuotas de $155.800<\/p>\n","protected":false},"excerpt":{"rendered":"<p>Caracter\u00edsticas HDR, alto rango din\u00e1mico para escenas reales Slim Design, un elegante dise\u00f1o delgado para un aspecto moderno Dimensiones Ancho 111.48 cm x Alto 65.02 cm x Fondo 5.97 Cm Tama\u00f1o de la pantalla de TV 127 cm Pantalla LED 4K-UHD Bluetooth y WiFi Ll\u00e9valo por solo 12 cuotas de $155.800<\/p>\n","protected":false},"featured_media":578,"template":"","meta":[],"product_cat":[21],"product_tag":[],"_links":{"self":[{"href":"https:\/\/coacep.com.co\/index.php?rest_route=\/wp\/v2\/product\/577"}],"collection":[{"href":"https:\/\/coacep.com.co\/index.php?rest_route=\/wp\/v2\/product"}],"about":[{"href":"https:\/\/coacep.com.co\/index.php?rest_route=\/wp\/v2\/types\/product"}],"version-history":[{"count":0,"href":"https:\/\/coacep.com.co\/index.php?rest_route=\/wp\/v2\/product\/577\/revisions"}],"wp:featuredmedia":[{"embeddable":true,"href":"https:\/\/coacep.com.co\/index.php?rest_route=\/wp\/v2\/media\/578"}],"wp:attachment":[{"href":"https:\/\/coacep.com.co\/index.php?rest_route=%2Fwp%2Fv2%2Fmedia&parent=577"}],"wp:term":[{"taxonomy":"product_cat","embeddable":true,"href":"https:\/\/coacep.com.co\/index.php?rest_route=%2Fwp%2Fv2%2Fproduct_cat&post=577"},{"taxonomy":"product_tag","embeddable":true,"href":"https:\/\/coacep.com.co\/index.php?rest_route=%2Fwp%2Fv2%2Fproduct_tag&post=577"}],"curies":[{"name":"wp","href":"https:\/\/api.w.org\/{rel}","templated":true}]}}