{"id":601,"date":"2020-05-22T10:50:12","date_gmt":"2020-05-22T15:50:12","guid":{"rendered":"https:\/\/coacep.com.co\/?post_type=product&#038;p=601"},"modified":"2020-06-16T21:45:34","modified_gmt":"2020-06-17T02:45:34","slug":"barra-de-sonido-kalley-absd-120w","status":"publish","type":"product","link":"https:\/\/coacep.com.co\/?product=barra-de-sonido-kalley-absd-120w","title":{"rendered":"Barra de sonido KALLEY ABSD 120W"},"content":{"rendered":"<p>Caracter\u00edsticas<\/p>\n<ul>\n<li>Potencia 60 W RMS+60<\/li>\n<li>Incluye subwoofer inal\u00e1mbrico<\/li>\n<li>Sistema 2 en 1 desmontable<\/li>\n<li>Bluetooth<\/li>\n<li>Entrada auxiliar (RCA)<\/li>\n<li>Entrada USB<\/li>\n<li>Entrada HDMI<\/li>\n<li>Entrada \u00f3ptico<\/li>\n<\/ul>\n","protected":false},"excerpt":{"rendered":"<p>Caracter\u00edsticas Potencia 60 W RMS+60 Incluye subwoofer inal\u00e1mbrico Sistema 2 en 1 desmontable Bluetooth Entrada auxiliar (RCA) Entrada USB Entrada HDMI Entrada \u00f3ptico<\/p>\n","protected":false},"featured_media":602,"template":"","meta":[],"product_cat":[21],"product_tag":[],"_links":{"self":[{"href":"https:\/\/coacep.com.co\/index.php?rest_route=\/wp\/v2\/product\/601"}],"collection":[{"href":"https:\/\/coacep.com.co\/index.php?rest_route=\/wp\/v2\/product"}],"about":[{"href":"https:\/\/coacep.com.co\/index.php?rest_route=\/wp\/v2\/types\/product"}],"version-history":[{"count":0,"href":"https:\/\/coacep.com.co\/index.php?rest_route=\/wp\/v2\/product\/601\/revisions"}],"wp:featuredmedia":[{"embeddable":true,"href":"https:\/\/coacep.com.co\/index.php?rest_route=\/wp\/v2\/media\/602"}],"wp:attachment":[{"href":"https:\/\/coacep.com.co\/index.php?rest_route=%2Fwp%2Fv2%2Fmedia&parent=601"}],"wp:term":[{"taxonomy":"product_cat","embeddable":true,"href":"https:\/\/coacep.com.co\/index.php?rest_route=%2Fwp%2Fv2%2Fproduct_cat&post=601"},{"taxonomy":"product_tag","embeddable":true,"href":"https:\/\/coacep.com.co\/index.php?rest_route=%2Fwp%2Fv2%2Fproduct_tag&post=601"}],"curies":[{"name":"wp","href":"https:\/\/api.w.org\/{rel}","templated":true}]}}