{"id":605,"date":"2020-05-22T11:17:34","date_gmt":"2020-05-22T16:17:34","guid":{"rendered":"https:\/\/coacep.com.co\/?post_type=product&#038;p=605"},"modified":"2020-06-16T21:45:27","modified_gmt":"2020-06-17T02:45:27","slug":"afeitador-remington-pr1342","status":"publish","type":"product","link":"https:\/\/coacep.com.co\/?product=afeitador-remington-pr1342","title":{"rendered":"Afeitador REMINGTON PR1342"},"content":{"rendered":"<p>Caracter\u00edstica<\/p>\n<ul>\n<li>Sistema de corte rotativo<\/li>\n<li>Tiene pinzas rotativas<\/li>\n<li>Alimentaci\u00f3n energ\u00eda recargable<\/li>\n<li>Tipo cabezal rotativo de precisi\u00f3n<\/li>\n<li>Voltaje Bivoltaje<\/li>\n<\/ul>\n","protected":false},"excerpt":{"rendered":"<p>Caracter\u00edstica Sistema de corte rotativo Tiene pinzas rotativas Alimentaci\u00f3n energ\u00eda recargable Tipo cabezal rotativo de precisi\u00f3n Voltaje Bivoltaje<\/p>\n","protected":false},"featured_media":606,"template":"","meta":[],"product_cat":[21],"product_tag":[],"_links":{"self":[{"href":"https:\/\/coacep.com.co\/index.php?rest_route=\/wp\/v2\/product\/605"}],"collection":[{"href":"https:\/\/coacep.com.co\/index.php?rest_route=\/wp\/v2\/product"}],"about":[{"href":"https:\/\/coacep.com.co\/index.php?rest_route=\/wp\/v2\/types\/product"}],"version-history":[{"count":0,"href":"https:\/\/coacep.com.co\/index.php?rest_route=\/wp\/v2\/product\/605\/revisions"}],"wp:featuredmedia":[{"embeddable":true,"href":"https:\/\/coacep.com.co\/index.php?rest_route=\/wp\/v2\/media\/606"}],"wp:attachment":[{"href":"https:\/\/coacep.com.co\/index.php?rest_route=%2Fwp%2Fv2%2Fmedia&parent=605"}],"wp:term":[{"taxonomy":"product_cat","embeddable":true,"href":"https:\/\/coacep.com.co\/index.php?rest_route=%2Fwp%2Fv2%2Fproduct_cat&post=605"},{"taxonomy":"product_tag","embeddable":true,"href":"https:\/\/coacep.com.co\/index.php?rest_route=%2Fwp%2Fv2%2Fproduct_tag&post=605"}],"curies":[{"name":"wp","href":"https:\/\/api.w.org\/{rel}","templated":true}]}}