{"id":617,"date":"2020-05-26T14:31:12","date_gmt":"2020-05-26T19:31:12","guid":{"rendered":"https:\/\/coacep.com.co\/?post_type=product&#038;p=617"},"modified":"2020-06-16T21:43:33","modified_gmt":"2020-06-17T02:43:33","slug":"huawei-y9-prime-2019-128gb","status":"publish","type":"product","link":"https:\/\/coacep.com.co\/?product=huawei-y9-prime-2019-128gb","title":{"rendered":"Huawei Y9 Prime 2019 128GB"},"content":{"rendered":"<p>Caracter\u00edsticas<\/p>\n<ul>\n<li>Tama\u00f1o 6.5 Pulgadas<\/li>\n<li>C\u00e1mara posterior 16 MP + 8 MP + 2 MP<\/li>\n<li>C\u00e1mara frontal 16 MP<\/li>\n<li>Memoria interna 128 MP<\/li>\n<li>N\u00facleo del procesador Octa Core<\/li>\n<\/ul>\n<p>Ll\u00e9valo por solo 12 cuotas de $67.400<\/p>\n","protected":false},"excerpt":{"rendered":"<p>Caracter\u00edsticas Tama\u00f1o 6.5 Pulgadas C\u00e1mara posterior 16 MP + 8 MP + 2 MP C\u00e1mara frontal 16 MP Memoria interna 128 MP N\u00facleo del procesador Octa Core Ll\u00e9valo por solo 12 cuotas de $67.400<\/p>\n","protected":false},"featured_media":614,"template":"","meta":[],"product_cat":[21],"product_tag":[],"_links":{"self":[{"href":"https:\/\/coacep.com.co\/index.php?rest_route=\/wp\/v2\/product\/617"}],"collection":[{"href":"https:\/\/coacep.com.co\/index.php?rest_route=\/wp\/v2\/product"}],"about":[{"href":"https:\/\/coacep.com.co\/index.php?rest_route=\/wp\/v2\/types\/product"}],"version-history":[{"count":0,"href":"https:\/\/coacep.com.co\/index.php?rest_route=\/wp\/v2\/product\/617\/revisions"}],"wp:featuredmedia":[{"embeddable":true,"href":"https:\/\/coacep.com.co\/index.php?rest_route=\/wp\/v2\/media\/614"}],"wp:attachment":[{"href":"https:\/\/coacep.com.co\/index.php?rest_route=%2Fwp%2Fv2%2Fmedia&parent=617"}],"wp:term":[{"taxonomy":"product_cat","embeddable":true,"href":"https:\/\/coacep.com.co\/index.php?rest_route=%2Fwp%2Fv2%2Fproduct_cat&post=617"},{"taxonomy":"product_tag","embeddable":true,"href":"https:\/\/coacep.com.co\/index.php?rest_route=%2Fwp%2Fv2%2Fproduct_tag&post=617"}],"curies":[{"name":"wp","href":"https:\/\/api.w.org\/{rel}","templated":true}]}}