{"id":626,"date":"2020-05-24T08:14:31","date_gmt":"2020-05-24T13:14:31","guid":{"rendered":"https:\/\/coacep.com.co\/?post_type=product&#038;p=626"},"modified":"2020-06-16T21:45:08","modified_gmt":"2020-06-17T02:45:08","slug":"parlante-kalley-recargable-mini-k-spk50led-bt","status":"publish","type":"product","link":"https:\/\/coacep.com.co\/?product=parlante-kalley-recargable-mini-k-spk50led-bt","title":{"rendered":"Parlante KALLEY Recargable mini K-SPK50LED BT"},"content":{"rendered":"<p>Caracter\u00edsticas<\/p>\n<ul>\n<li>Bluetooth<\/li>\n<li>Luces LED<\/li>\n<li>1 A\u00f1o de garant\u00eda para un \u00f3ptimo funcionamiento<\/li>\n<li>Medidas 30 x 24,6 x 45 cm<\/li>\n<\/ul>\n","protected":false},"excerpt":{"rendered":"<p>Caracter\u00edsticas Bluetooth Luces LED 1 A\u00f1o de garant\u00eda para un \u00f3ptimo funcionamiento Medidas 30 x 24,6 x 45 cm<\/p>\n","protected":false},"featured_media":627,"template":"","meta":[],"product_cat":[21],"product_tag":[],"_links":{"self":[{"href":"https:\/\/coacep.com.co\/index.php?rest_route=\/wp\/v2\/product\/626"}],"collection":[{"href":"https:\/\/coacep.com.co\/index.php?rest_route=\/wp\/v2\/product"}],"about":[{"href":"https:\/\/coacep.com.co\/index.php?rest_route=\/wp\/v2\/types\/product"}],"version-history":[{"count":0,"href":"https:\/\/coacep.com.co\/index.php?rest_route=\/wp\/v2\/product\/626\/revisions"}],"wp:featuredmedia":[{"embeddable":true,"href":"https:\/\/coacep.com.co\/index.php?rest_route=\/wp\/v2\/media\/627"}],"wp:attachment":[{"href":"https:\/\/coacep.com.co\/index.php?rest_route=%2Fwp%2Fv2%2Fmedia&parent=626"}],"wp:term":[{"taxonomy":"product_cat","embeddable":true,"href":"https:\/\/coacep.com.co\/index.php?rest_route=%2Fwp%2Fv2%2Fproduct_cat&post=626"},{"taxonomy":"product_tag","embeddable":true,"href":"https:\/\/coacep.com.co\/index.php?rest_route=%2Fwp%2Fv2%2Fproduct_tag&post=626"}],"curies":[{"name":"wp","href":"https:\/\/api.w.org\/{rel}","templated":true}]}}