{"id":630,"date":"2020-05-26T14:31:12","date_gmt":"2020-05-26T19:31:12","guid":{"rendered":"https:\/\/coacep.com.co\/?post_type=product&#038;p=630"},"modified":"2020-06-16T21:43:18","modified_gmt":"2020-06-17T02:43:18","slug":"televisor-kalley-32-basico-hd-z-t2","status":"publish","type":"product","link":"https:\/\/coacep.com.co\/?product=televisor-kalley-32-basico-hd-z-t2","title":{"rendered":"Televisor KALLEY 32 B\u00e1sico HD Z T2"},"content":{"rendered":"<p>Caracter\u00edsticas<\/p>\n<ul>\n<li>Resoluci\u00f3n 1366 x 768<\/li>\n<li>2 Entrada HDMI, 1 USB, Video<\/li>\n<li>Potencia 10 Watts<\/li>\n<\/ul>\n<p>Ll\u00e9valo con solo cuotas de $49.900<\/p>\n","protected":false},"excerpt":{"rendered":"<p>Caracter\u00edsticas Resoluci\u00f3n 1366 x 768 2 Entrada HDMI, 1 USB, Video Potencia 10 Watts Ll\u00e9valo con solo cuotas de $49.900<\/p>\n","protected":false},"featured_media":631,"template":"","meta":[],"product_cat":[21],"product_tag":[],"_links":{"self":[{"href":"https:\/\/coacep.com.co\/index.php?rest_route=\/wp\/v2\/product\/630"}],"collection":[{"href":"https:\/\/coacep.com.co\/index.php?rest_route=\/wp\/v2\/product"}],"about":[{"href":"https:\/\/coacep.com.co\/index.php?rest_route=\/wp\/v2\/types\/product"}],"version-history":[{"count":1,"href":"https:\/\/coacep.com.co\/index.php?rest_route=\/wp\/v2\/product\/630\/revisions"}],"predecessor-version":[{"id":638,"href":"https:\/\/coacep.com.co\/index.php?rest_route=\/wp\/v2\/product\/630\/revisions\/638"}],"wp:featuredmedia":[{"embeddable":true,"href":"https:\/\/coacep.com.co\/index.php?rest_route=\/wp\/v2\/media\/631"}],"wp:attachment":[{"href":"https:\/\/coacep.com.co\/index.php?rest_route=%2Fwp%2Fv2%2Fmedia&parent=630"}],"wp:term":[{"taxonomy":"product_cat","embeddable":true,"href":"https:\/\/coacep.com.co\/index.php?rest_route=%2Fwp%2Fv2%2Fproduct_cat&post=630"},{"taxonomy":"product_tag","embeddable":true,"href":"https:\/\/coacep.com.co\/index.php?rest_route=%2Fwp%2Fv2%2Fproduct_tag&post=630"}],"curies":[{"name":"wp","href":"https:\/\/api.w.org\/{rel}","templated":true}]}}