{"id":695,"date":"2020-06-18T10:39:26","date_gmt":"2020-06-18T15:39:26","guid":{"rendered":"https:\/\/coacep.com.co\/?post_type=product&#038;p=695"},"modified":"2020-06-18T10:39:26","modified_gmt":"2020-06-18T15:39:26","slug":"caldero-imusa-fundido-con-tapa-44-cm-original","status":"publish","type":"product","link":"https:\/\/coacep.com.co\/?product=caldero-imusa-fundido-con-tapa-44-cm-original","title":{"rendered":"Caldero IMUSA fundido con tapa 44 cm original"},"content":{"rendered":"<ul>\n<li>Aluminio de alta pureza certificado<\/li>\n<li>Cocci\u00f3n r\u00e1pida y uniforme gracias a las propiedades de la materia<\/li>\n<li>Cumple con normas t\u00e9cnicas nacionales e internacionales<\/li>\n<li>Larga vida \u00fatil<\/li>\n<\/ul>\n","protected":false},"excerpt":{"rendered":"<p>Aluminio de alta pureza certificado Cocci\u00f3n r\u00e1pida y uniforme gracias a las propiedades de la materia Cumple con normas t\u00e9cnicas nacionales e internacionales Larga vida \u00fatil<\/p>\n","protected":false},"featured_media":696,"template":"","meta":[],"product_cat":[21],"product_tag":[],"_links":{"self":[{"href":"https:\/\/coacep.com.co\/index.php?rest_route=\/wp\/v2\/product\/695"}],"collection":[{"href":"https:\/\/coacep.com.co\/index.php?rest_route=\/wp\/v2\/product"}],"about":[{"href":"https:\/\/coacep.com.co\/index.php?rest_route=\/wp\/v2\/types\/product"}],"version-history":[{"count":0,"href":"https:\/\/coacep.com.co\/index.php?rest_route=\/wp\/v2\/product\/695\/revisions"}],"wp:featuredmedia":[{"embeddable":true,"href":"https:\/\/coacep.com.co\/index.php?rest_route=\/wp\/v2\/media\/696"}],"wp:attachment":[{"href":"https:\/\/coacep.com.co\/index.php?rest_route=%2Fwp%2Fv2%2Fmedia&parent=695"}],"wp:term":[{"taxonomy":"product_cat","embeddable":true,"href":"https:\/\/coacep.com.co\/index.php?rest_route=%2Fwp%2Fv2%2Fproduct_cat&post=695"},{"taxonomy":"product_tag","embeddable":true,"href":"https:\/\/coacep.com.co\/index.php?rest_route=%2Fwp%2Fv2%2Fproduct_tag&post=695"}],"curies":[{"name":"wp","href":"https:\/\/api.w.org\/{rel}","templated":true}]}}