{"id":721,"date":"2020-06-18T10:39:05","date_gmt":"2020-06-18T15:39:05","guid":{"rendered":"https:\/\/coacep.com.co\/?post_type=product&#038;p=721"},"modified":"2020-06-18T10:39:05","modified_gmt":"2020-06-18T15:39:05","slug":"olla-presion-imusa-4-5-litros","status":"publish","type":"product","link":"https:\/\/coacep.com.co\/?product=olla-presion-imusa-4-5-litros","title":{"rendered":"Olla presi\u00f3n IMUSA 4.5 litros"},"content":{"rendered":"<ul>\n<li>Abrir y Cerrar con un solo clic<\/li>\n<li>V\u00e1lvula de dos posiciones<\/li>\n<li>Sistema de Seguridad SECURYPLUS<\/li>\n<li>V\u00e1lvula controladora de presi\u00f3n<\/li>\n<\/ul>\n","protected":false},"excerpt":{"rendered":"<p>Abrir y Cerrar con un solo clic V\u00e1lvula de dos posiciones Sistema de Seguridad SECURYPLUS V\u00e1lvula controladora de presi\u00f3n<\/p>\n","protected":false},"featured_media":722,"template":"","meta":[],"product_cat":[21],"product_tag":[],"_links":{"self":[{"href":"https:\/\/coacep.com.co\/index.php?rest_route=\/wp\/v2\/product\/721"}],"collection":[{"href":"https:\/\/coacep.com.co\/index.php?rest_route=\/wp\/v2\/product"}],"about":[{"href":"https:\/\/coacep.com.co\/index.php?rest_route=\/wp\/v2\/types\/product"}],"version-history":[{"count":0,"href":"https:\/\/coacep.com.co\/index.php?rest_route=\/wp\/v2\/product\/721\/revisions"}],"wp:featuredmedia":[{"embeddable":true,"href":"https:\/\/coacep.com.co\/index.php?rest_route=\/wp\/v2\/media\/722"}],"wp:attachment":[{"href":"https:\/\/coacep.com.co\/index.php?rest_route=%2Fwp%2Fv2%2Fmedia&parent=721"}],"wp:term":[{"taxonomy":"product_cat","embeddable":true,"href":"https:\/\/coacep.com.co\/index.php?rest_route=%2Fwp%2Fv2%2Fproduct_cat&post=721"},{"taxonomy":"product_tag","embeddable":true,"href":"https:\/\/coacep.com.co\/index.php?rest_route=%2Fwp%2Fv2%2Fproduct_tag&post=721"}],"curies":[{"name":"wp","href":"https:\/\/api.w.org\/{rel}","templated":true}]}}