{"id":739,"date":"2020-06-18T10:39:04","date_gmt":"2020-06-18T15:39:04","guid":{"rendered":"https:\/\/coacep.com.co\/?post_type=product&#038;p=739"},"modified":"2020-06-18T10:39:04","modified_gmt":"2020-06-18T15:39:04","slug":"set-taladra-inherramienta-k-sh18ti","status":"publish","type":"product","link":"https:\/\/coacep.com.co\/?product=set-taladra-inherramienta-k-sh18ti","title":{"rendered":"Set taladra in+herramienta k-sh18ti"},"content":{"rendered":"<ul>\n<li>Marca KALLEY<\/li>\n<li>Taladro inal\u00e1mbrico con un mango en forma de T para la manipulaci\u00f3n de las 18 copas incluidas, adem\u00e1s del destornillador universal con 32 puntas para usar eficientemente en diferentes cabezas y formas de pernos, brocas standard para madera y metal. Tambi\u00e9n est\u00e1n incluido el cargador, adaptador y bater\u00eda<\/li>\n<\/ul>\n","protected":false},"excerpt":{"rendered":"<p>Marca KALLEY Taladro inal\u00e1mbrico con un mango en forma de T para la manipulaci\u00f3n de las 18 copas incluidas, adem\u00e1s del destornillador universal con 32 puntas para usar eficientemente en diferentes cabezas y formas de pernos, brocas standard para madera y metal. Tambi\u00e9n est\u00e1n incluido el cargador, adaptador y bater\u00eda<\/p>\n","protected":false},"featured_media":740,"template":"","meta":[],"product_cat":[21],"product_tag":[],"_links":{"self":[{"href":"https:\/\/coacep.com.co\/index.php?rest_route=\/wp\/v2\/product\/739"}],"collection":[{"href":"https:\/\/coacep.com.co\/index.php?rest_route=\/wp\/v2\/product"}],"about":[{"href":"https:\/\/coacep.com.co\/index.php?rest_route=\/wp\/v2\/types\/product"}],"version-history":[{"count":0,"href":"https:\/\/coacep.com.co\/index.php?rest_route=\/wp\/v2\/product\/739\/revisions"}],"wp:featuredmedia":[{"embeddable":true,"href":"https:\/\/coacep.com.co\/index.php?rest_route=\/wp\/v2\/media\/740"}],"wp:attachment":[{"href":"https:\/\/coacep.com.co\/index.php?rest_route=%2Fwp%2Fv2%2Fmedia&parent=739"}],"wp:term":[{"taxonomy":"product_cat","embeddable":true,"href":"https:\/\/coacep.com.co\/index.php?rest_route=%2Fwp%2Fv2%2Fproduct_cat&post=739"},{"taxonomy":"product_tag","embeddable":true,"href":"https:\/\/coacep.com.co\/index.php?rest_route=%2Fwp%2Fv2%2Fproduct_tag&post=739"}],"curies":[{"name":"wp","href":"https:\/\/api.w.org\/{rel}","templated":true}]}}