{"id":762,"date":"2020-06-18T10:39:04","date_gmt":"2020-06-18T15:39:04","guid":{"rendered":"https:\/\/coacep.com.co\/?post_type=product&#038;p=762"},"modified":"2020-06-18T10:39:04","modified_gmt":"2020-06-18T15:39:04","slug":"vajilla-4-16-nordica-corona","status":"publish","type":"product","link":"https:\/\/coacep.com.co\/?product=vajilla-4-16-nordica-corona","title":{"rendered":"Vajilla 4\/16 n\u00f3rdica CORONA"},"content":{"rendered":"<ul>\n<li>4 Plato Pando 24.4 Cm N\u00f3rdica, 4 Plato Hondo Caz 637Cc N\u00f3rdica, 4 Plato Te 16.1Cm N\u00f3rdica, 4 Pocillo Te 255Cc N\u00f3rdica<\/li>\n<li>Apto para microondas y lavaplatos<\/li>\n<li>No exceder los 75\u00b0C de temperatura<\/li>\n<li>No es perjudicial para la salud (cumple con las normas de plomo y cadmio)<\/li>\n<\/ul>\n","protected":false},"excerpt":{"rendered":"<p>4 Plato Pando 24.4 Cm N\u00f3rdica, 4 Plato Hondo Caz 637Cc N\u00f3rdica, 4 Plato Te 16.1Cm N\u00f3rdica, 4 Pocillo Te 255Cc N\u00f3rdica Apto para microondas y lavaplatos No exceder los 75\u00b0C de temperatura No es perjudicial para la salud (cumple con las normas de plomo y cadmio)<\/p>\n","protected":false},"featured_media":763,"template":"","meta":[],"product_cat":[21],"product_tag":[],"_links":{"self":[{"href":"https:\/\/coacep.com.co\/index.php?rest_route=\/wp\/v2\/product\/762"}],"collection":[{"href":"https:\/\/coacep.com.co\/index.php?rest_route=\/wp\/v2\/product"}],"about":[{"href":"https:\/\/coacep.com.co\/index.php?rest_route=\/wp\/v2\/types\/product"}],"version-history":[{"count":0,"href":"https:\/\/coacep.com.co\/index.php?rest_route=\/wp\/v2\/product\/762\/revisions"}],"wp:featuredmedia":[{"embeddable":true,"href":"https:\/\/coacep.com.co\/index.php?rest_route=\/wp\/v2\/media\/763"}],"wp:attachment":[{"href":"https:\/\/coacep.com.co\/index.php?rest_route=%2Fwp%2Fv2%2Fmedia&parent=762"}],"wp:term":[{"taxonomy":"product_cat","embeddable":true,"href":"https:\/\/coacep.com.co\/index.php?rest_route=%2Fwp%2Fv2%2Fproduct_cat&post=762"},{"taxonomy":"product_tag","embeddable":true,"href":"https:\/\/coacep.com.co\/index.php?rest_route=%2Fwp%2Fv2%2Fproduct_tag&post=762"}],"curies":[{"name":"wp","href":"https:\/\/api.w.org\/{rel}","templated":true}]}}