{"id":793,"date":"2020-06-18T10:38:46","date_gmt":"2020-06-18T15:38:46","guid":{"rendered":"https:\/\/coacep.com.co\/?post_type=product&#038;p=793"},"modified":"2020-06-18T10:38:46","modified_gmt":"2020-06-18T15:38:46","slug":"celular-4g-alcatel-u3-gl-4034g","status":"publish","type":"product","link":"https:\/\/coacep.com.co\/?product=celular-4g-alcatel-u3-gl-4034g","title":{"rendered":"Celular 4g ALCATEL u3 gl 4034g"},"content":{"rendered":"<ul>\n<li>Pantalla: 4&#8243;, 480 x 800 pixels<\/li>\n<li>Procesador: Dual-core 1.3GHz<\/li>\n<li>RAM: 512MB<\/li>\n<li>Almacenamiento: 4GB<\/li>\n<li>Expansi\u00f3n: microSD<\/li>\n<li>C\u00e1mara: 3 MP<\/li>\n<li>Bater\u00eda: 1500 mAh<\/li>\n<li>OS: Android 6.0<\/li>\n<li>Perfil: 9.7 mm<\/li>\n<li>Peso: 110 g<\/li>\n<\/ul>\n","protected":false},"excerpt":{"rendered":"<p>Pantalla: 4&#8243;, 480 x 800 pixels Procesador: Dual-core 1.3GHz RAM: 512MB Almacenamiento: 4GB Expansi\u00f3n: microSD C\u00e1mara: 3 MP Bater\u00eda: 1500 mAh OS: Android 6.0 Perfil: 9.7 mm Peso: 110 g<\/p>\n","protected":false},"featured_media":794,"template":"","meta":[],"product_cat":[21],"product_tag":[],"_links":{"self":[{"href":"https:\/\/coacep.com.co\/index.php?rest_route=\/wp\/v2\/product\/793"}],"collection":[{"href":"https:\/\/coacep.com.co\/index.php?rest_route=\/wp\/v2\/product"}],"about":[{"href":"https:\/\/coacep.com.co\/index.php?rest_route=\/wp\/v2\/types\/product"}],"version-history":[{"count":0,"href":"https:\/\/coacep.com.co\/index.php?rest_route=\/wp\/v2\/product\/793\/revisions"}],"wp:featuredmedia":[{"embeddable":true,"href":"https:\/\/coacep.com.co\/index.php?rest_route=\/wp\/v2\/media\/794"}],"wp:attachment":[{"href":"https:\/\/coacep.com.co\/index.php?rest_route=%2Fwp%2Fv2%2Fmedia&parent=793"}],"wp:term":[{"taxonomy":"product_cat","embeddable":true,"href":"https:\/\/coacep.com.co\/index.php?rest_route=%2Fwp%2Fv2%2Fproduct_cat&post=793"},{"taxonomy":"product_tag","embeddable":true,"href":"https:\/\/coacep.com.co\/index.php?rest_route=%2Fwp%2Fv2%2Fproduct_tag&post=793"}],"curies":[{"name":"wp","href":"https:\/\/api.w.org\/{rel}","templated":true}]}}