{"id":801,"date":"2020-06-18T10:38:46","date_gmt":"2020-06-18T15:38:46","guid":{"rendered":"https:\/\/coacep.com.co\/?post_type=product&#038;p=801"},"modified":"2020-06-18T10:38:46","modified_gmt":"2020-06-18T15:38:46","slug":"celular-samsung-a50-64gb-ds-azul","status":"publish","type":"product","link":"https:\/\/coacep.com.co\/?product=celular-samsung-a50-64gb-ds-azul","title":{"rendered":"Celular SAMSUNG a50 64gb Ds azul"},"content":{"rendered":"<ul>\n<li>Resoluci\u00f3n de la pantalla 1080 Px x 2340 Px<\/li>\n<li>Resoluci\u00f3n de v\u00eddeo de la c\u00e1mara trasera 1920 Px x 1080 Px<\/li>\n<li>Tama\u00f1o de la pantalla 6.4 &#8220;<\/li>\n<li>Resoluci\u00f3n de la c\u00e1mara trasera principal 25 Mpx<\/li>\n<li>Resoluci\u00f3n de la c\u00e1mara frontal principal 25 Mpx<\/li>\n<li>Lector de huella digital S\u00ed<\/li>\n<li>Reconocimiento facial S\u00ed<\/li>\n<li>Capacidad de la bater\u00eda 4000 mAh<\/li>\n<\/ul>\n","protected":false},"excerpt":{"rendered":"<p>Resoluci\u00f3n de la pantalla 1080 Px x 2340 Px Resoluci\u00f3n de v\u00eddeo de la c\u00e1mara trasera 1920 Px x 1080 Px Tama\u00f1o de la pantalla 6.4 &#8220; Resoluci\u00f3n de la c\u00e1mara trasera principal 25 Mpx Resoluci\u00f3n de la c\u00e1mara frontal principal 25 Mpx Lector de huella digital S\u00ed Reconocimiento facial S\u00ed Capacidad de la bater\u00eda &#8230; <a title=\"Celular SAMSUNG a50 64gb Ds azul\" class=\"read-more\" href=\"https:\/\/coacep.com.co\/?product=celular-samsung-a50-64gb-ds-azul\" aria-label=\"Leer m\u00e1s sobre Celular SAMSUNG a50 64gb Ds azul\">Leer m\u00e1s<\/a><\/p>\n","protected":false},"featured_media":802,"template":"","meta":[],"product_cat":[21],"product_tag":[],"_links":{"self":[{"href":"https:\/\/coacep.com.co\/index.php?rest_route=\/wp\/v2\/product\/801"}],"collection":[{"href":"https:\/\/coacep.com.co\/index.php?rest_route=\/wp\/v2\/product"}],"about":[{"href":"https:\/\/coacep.com.co\/index.php?rest_route=\/wp\/v2\/types\/product"}],"version-history":[{"count":0,"href":"https:\/\/coacep.com.co\/index.php?rest_route=\/wp\/v2\/product\/801\/revisions"}],"wp:featuredmedia":[{"embeddable":true,"href":"https:\/\/coacep.com.co\/index.php?rest_route=\/wp\/v2\/media\/802"}],"wp:attachment":[{"href":"https:\/\/coacep.com.co\/index.php?rest_route=%2Fwp%2Fv2%2Fmedia&parent=801"}],"wp:term":[{"taxonomy":"product_cat","embeddable":true,"href":"https:\/\/coacep.com.co\/index.php?rest_route=%2Fwp%2Fv2%2Fproduct_cat&post=801"},{"taxonomy":"product_tag","embeddable":true,"href":"https:\/\/coacep.com.co\/index.php?rest_route=%2Fwp%2Fv2%2Fproduct_tag&post=801"}],"curies":[{"name":"wp","href":"https:\/\/api.w.org\/{rel}","templated":true}]}}