{"id":819,"date":"2020-06-18T10:38:45","date_gmt":"2020-06-18T15:38:45","guid":{"rendered":"https:\/\/coacep.com.co\/?post_type=product&#038;p=819"},"modified":"2020-06-18T10:38:45","modified_gmt":"2020-06-18T15:38:45","slug":"antena-kalley-activa-barra","status":"publish","type":"product","link":"https:\/\/coacep.com.co\/?product=antena-kalley-activa-barra","title":{"rendered":"Antena KALLEY activa barra"},"content":{"rendered":"<ul>\n<li>F\u00e1cil y r\u00e1pida instalaci\u00f3n<\/li>\n<li>Antena activa para TDT<\/li>\n<li>Hasta 5 veces m\u00e1s recepci\u00f3n<\/li>\n<li>Bloqueo de interferencias<\/li>\n<li>Resumen del producto<\/li>\n<li>Disfruta tus canales favoritos en alta definici\u00f3n. Este producto est\u00e1 dise\u00f1ado solo para uso en espacios interiores<\/li>\n<\/ul>\n","protected":false},"excerpt":{"rendered":"<p>F\u00e1cil y r\u00e1pida instalaci\u00f3n Antena activa para TDT Hasta 5 veces m\u00e1s recepci\u00f3n Bloqueo de interferencias Resumen del producto Disfruta tus canales favoritos en alta definici\u00f3n. Este producto est\u00e1 dise\u00f1ado solo para uso en espacios interiores<\/p>\n","protected":false},"featured_media":820,"template":"","meta":[],"product_cat":[21],"product_tag":[],"_links":{"self":[{"href":"https:\/\/coacep.com.co\/index.php?rest_route=\/wp\/v2\/product\/819"}],"collection":[{"href":"https:\/\/coacep.com.co\/index.php?rest_route=\/wp\/v2\/product"}],"about":[{"href":"https:\/\/coacep.com.co\/index.php?rest_route=\/wp\/v2\/types\/product"}],"version-history":[{"count":0,"href":"https:\/\/coacep.com.co\/index.php?rest_route=\/wp\/v2\/product\/819\/revisions"}],"wp:featuredmedia":[{"embeddable":true,"href":"https:\/\/coacep.com.co\/index.php?rest_route=\/wp\/v2\/media\/820"}],"wp:attachment":[{"href":"https:\/\/coacep.com.co\/index.php?rest_route=%2Fwp%2Fv2%2Fmedia&parent=819"}],"wp:term":[{"taxonomy":"product_cat","embeddable":true,"href":"https:\/\/coacep.com.co\/index.php?rest_route=%2Fwp%2Fv2%2Fproduct_cat&post=819"},{"taxonomy":"product_tag","embeddable":true,"href":"https:\/\/coacep.com.co\/index.php?rest_route=%2Fwp%2Fv2%2Fproduct_tag&post=819"}],"curies":[{"name":"wp","href":"https:\/\/api.w.org\/{rel}","templated":true}]}}