{"id":822,"date":"2020-06-18T10:38:45","date_gmt":"2020-06-18T15:38:45","guid":{"rendered":"https:\/\/coacep.com.co\/?post_type=product&#038;p=822"},"modified":"2020-06-18T10:38:45","modified_gmt":"2020-06-18T15:38:45","slug":"antena-kalley-activa-exterior","status":"publish","type":"product","link":"https:\/\/coacep.com.co\/?product=antena-kalley-activa-exterior","title":{"rendered":"Antena KALLEY activa exterior"},"content":{"rendered":"<ul>\n<li>Con la antena activa Kalley K-GANAEXT puedes disfrutar de tus canales favoritos en alta definici\u00f3n<\/li>\n<li>Esta antena KALLEY funciona con alimentaci\u00f3n el\u00e9ctrica que mejora la recepci\u00f3n de la se\u00f1al y es ideal para ser usada tanto en espacios interiores como exteriores<\/li>\n<li>El rango de uso para esta antena K-GANAEXT debe ser mayor o igual 80Km de distancia de la torre emisora<\/li>\n<\/ul>\n","protected":false},"excerpt":{"rendered":"<p>Con la antena activa Kalley K-GANAEXT puedes disfrutar de tus canales favoritos en alta definici\u00f3n Esta antena KALLEY funciona con alimentaci\u00f3n el\u00e9ctrica que mejora la recepci\u00f3n de la se\u00f1al y es ideal para ser usada tanto en espacios interiores como exteriores El rango de uso para esta antena K-GANAEXT debe ser mayor o igual 80Km &#8230; <a title=\"Antena KALLEY activa exterior\" class=\"read-more\" href=\"https:\/\/coacep.com.co\/?product=antena-kalley-activa-exterior\" aria-label=\"Leer m\u00e1s sobre Antena KALLEY activa exterior\">Leer m\u00e1s<\/a><\/p>\n","protected":false},"featured_media":823,"template":"","meta":[],"product_cat":[21],"product_tag":[],"_links":{"self":[{"href":"https:\/\/coacep.com.co\/index.php?rest_route=\/wp\/v2\/product\/822"}],"collection":[{"href":"https:\/\/coacep.com.co\/index.php?rest_route=\/wp\/v2\/product"}],"about":[{"href":"https:\/\/coacep.com.co\/index.php?rest_route=\/wp\/v2\/types\/product"}],"version-history":[{"count":0,"href":"https:\/\/coacep.com.co\/index.php?rest_route=\/wp\/v2\/product\/822\/revisions"}],"wp:featuredmedia":[{"embeddable":true,"href":"https:\/\/coacep.com.co\/index.php?rest_route=\/wp\/v2\/media\/823"}],"wp:attachment":[{"href":"https:\/\/coacep.com.co\/index.php?rest_route=%2Fwp%2Fv2%2Fmedia&parent=822"}],"wp:term":[{"taxonomy":"product_cat","embeddable":true,"href":"https:\/\/coacep.com.co\/index.php?rest_route=%2Fwp%2Fv2%2Fproduct_cat&post=822"},{"taxonomy":"product_tag","embeddable":true,"href":"https:\/\/coacep.com.co\/index.php?rest_route=%2Fwp%2Fv2%2Fproduct_tag&post=822"}],"curies":[{"name":"wp","href":"https:\/\/api.w.org\/{rel}","templated":true}]}}