{"id":838,"date":"2020-06-18T10:38:25","date_gmt":"2020-06-18T15:38:25","guid":{"rendered":"https:\/\/coacep.com.co\/?post_type=product&#038;p=838"},"modified":"2020-06-18T10:38:25","modified_gmt":"2020-06-18T15:38:25","slug":"batidora-bd-mx3000w-250w","status":"publish","type":"product","link":"https:\/\/coacep.com.co\/?product=batidora-bd-mx3000w-250w","title":{"rendered":"Batidora b&amp;d mx3000w 250w"},"content":{"rendered":"<ul>\n<li>250 watts<\/li>\n<li>6 velocidades<\/li>\n<li>Mango ergon\u00f3mico<\/li>\n<li>Tal\u00f3n de descanso<\/li>\n<li>Bot\u00f3n expulsor de batidores<\/li>\n<li>Funci\u00f3n Turbo<\/li>\n<li>2 Batidores de alambre<\/li>\n<li>2 Batidor de huevos<\/li>\n<li>Apto para lavaplatos<\/li>\n<\/ul>\n","protected":false},"excerpt":{"rendered":"<p>250 watts 6 velocidades Mango ergon\u00f3mico Tal\u00f3n de descanso Bot\u00f3n expulsor de batidores Funci\u00f3n Turbo 2 Batidores de alambre 2 Batidor de huevos Apto para lavaplatos<\/p>\n","protected":false},"featured_media":839,"template":"","meta":[],"product_cat":[21],"product_tag":[],"_links":{"self":[{"href":"https:\/\/coacep.com.co\/index.php?rest_route=\/wp\/v2\/product\/838"}],"collection":[{"href":"https:\/\/coacep.com.co\/index.php?rest_route=\/wp\/v2\/product"}],"about":[{"href":"https:\/\/coacep.com.co\/index.php?rest_route=\/wp\/v2\/types\/product"}],"version-history":[{"count":0,"href":"https:\/\/coacep.com.co\/index.php?rest_route=\/wp\/v2\/product\/838\/revisions"}],"wp:featuredmedia":[{"embeddable":true,"href":"https:\/\/coacep.com.co\/index.php?rest_route=\/wp\/v2\/media\/839"}],"wp:attachment":[{"href":"https:\/\/coacep.com.co\/index.php?rest_route=%2Fwp%2Fv2%2Fmedia&parent=838"}],"wp:term":[{"taxonomy":"product_cat","embeddable":true,"href":"https:\/\/coacep.com.co\/index.php?rest_route=%2Fwp%2Fv2%2Fproduct_cat&post=838"},{"taxonomy":"product_tag","embeddable":true,"href":"https:\/\/coacep.com.co\/index.php?rest_route=%2Fwp%2Fv2%2Fproduct_tag&post=838"}],"curies":[{"name":"wp","href":"https:\/\/api.w.org\/{rel}","templated":true}]}}