{"id":842,"date":"2020-06-18T10:38:25","date_gmt":"2020-06-18T15:38:25","guid":{"rendered":"https:\/\/coacep.com.co\/?post_type=product&#038;p=842"},"modified":"2020-06-18T10:38:25","modified_gmt":"2020-06-18T15:38:25","slug":"cafetera-kalley-expreso-k-ex35","status":"publish","type":"product","link":"https:\/\/coacep.com.co\/?product=cafetera-kalley-expreso-k-ex35","title":{"rendered":"Cafetera KALLEY expreso k-ex35"},"content":{"rendered":"<ul>\n<li>Presi\u00f3n de trabajo de 3.5 bar<\/li>\n<li>Hervidor de aluminio fundido de 0.24L de capacidad<\/li>\n<li>Potencia de 800W<\/li>\n<li>Segura y confiable, con protecci\u00f3n para evitar sobrecalentamiento y sobrepresi\u00f3n<\/li>\n<li>Boquilla para espumar la leche<\/li>\n<li>Bandeja inferior desmontable para f\u00e1cil limpieza<\/li>\n<li>Jarra de vidrio con medidor<\/li>\n<li>Accesorios: Soporte del filtro, filtro para 4 tazas, cuchara<\/li>\n<\/ul>\n","protected":false},"excerpt":{"rendered":"<p>Presi\u00f3n de trabajo de 3.5 bar Hervidor de aluminio fundido de 0.24L de capacidad Potencia de 800W Segura y confiable, con protecci\u00f3n para evitar sobrecalentamiento y sobrepresi\u00f3n Boquilla para espumar la leche Bandeja inferior desmontable para f\u00e1cil limpieza Jarra de vidrio con medidor Accesorios: Soporte del filtro, filtro para 4 tazas, cuchara<\/p>\n","protected":false},"featured_media":843,"template":"","meta":[],"product_cat":[21],"product_tag":[],"_links":{"self":[{"href":"https:\/\/coacep.com.co\/index.php?rest_route=\/wp\/v2\/product\/842"}],"collection":[{"href":"https:\/\/coacep.com.co\/index.php?rest_route=\/wp\/v2\/product"}],"about":[{"href":"https:\/\/coacep.com.co\/index.php?rest_route=\/wp\/v2\/types\/product"}],"version-history":[{"count":0,"href":"https:\/\/coacep.com.co\/index.php?rest_route=\/wp\/v2\/product\/842\/revisions"}],"wp:featuredmedia":[{"embeddable":true,"href":"https:\/\/coacep.com.co\/index.php?rest_route=\/wp\/v2\/media\/843"}],"wp:attachment":[{"href":"https:\/\/coacep.com.co\/index.php?rest_route=%2Fwp%2Fv2%2Fmedia&parent=842"}],"wp:term":[{"taxonomy":"product_cat","embeddable":true,"href":"https:\/\/coacep.com.co\/index.php?rest_route=%2Fwp%2Fv2%2Fproduct_cat&post=842"},{"taxonomy":"product_tag","embeddable":true,"href":"https:\/\/coacep.com.co\/index.php?rest_route=%2Fwp%2Fv2%2Fproduct_tag&post=842"}],"curies":[{"name":"wp","href":"https:\/\/api.w.org\/{rel}","templated":true}]}}