{"id":844,"date":"2020-06-18T10:38:25","date_gmt":"2020-06-18T15:38:25","guid":{"rendered":"https:\/\/coacep.com.co\/?post_type=product&#038;p=844"},"modified":"2020-06-18T10:38:25","modified_gmt":"2020-06-18T15:38:25","slug":"camara-canon-pro-t100ef-18-55-negra","status":"publish","type":"product","link":"https:\/\/coacep.com.co\/?product=camara-canon-pro-t100ef-18-55-negra","title":{"rendered":"C\u00e1mara CANON Pro t100ef-18-55 negra"},"content":{"rendered":"<ul>\n<li>Megap\u00edxeles 18MP<\/li>\n<li>Tama\u00f1o de la pantalla 2.7 pulgadas<\/li>\n<li>Velocidad del obturador De 30 a 1\/4000 s (en incrementos de un 1\/2 o 1\/3 de pasos), Exposici\u00f3n Prolongada (Bulb) (Rango total de la velocidad del obturador. El rango disponible var\u00eda seg\u00fan el modo de toma)<\/li>\n<li>Formatos de imagen JPEG\/RAW<\/li>\n<li>Sensibilidad ISO Auto, 100-6400, (12800Max)<\/li>\n<li>Marca Canon<\/li>\n<\/ul>\n","protected":false},"excerpt":{"rendered":"<p>Megap\u00edxeles 18MP Tama\u00f1o de la pantalla 2.7 pulgadas Velocidad del obturador De 30 a 1\/4000 s (en incrementos de un 1\/2 o 1\/3 de pasos), Exposici\u00f3n Prolongada (Bulb) (Rango total de la velocidad del obturador. El rango disponible var\u00eda seg\u00fan el modo de toma) Formatos de imagen JPEG\/RAW Sensibilidad ISO Auto, 100-6400, (12800Max) Marca Canon<\/p>\n","protected":false},"featured_media":845,"template":"","meta":[],"product_cat":[21],"product_tag":[],"_links":{"self":[{"href":"https:\/\/coacep.com.co\/index.php?rest_route=\/wp\/v2\/product\/844"}],"collection":[{"href":"https:\/\/coacep.com.co\/index.php?rest_route=\/wp\/v2\/product"}],"about":[{"href":"https:\/\/coacep.com.co\/index.php?rest_route=\/wp\/v2\/types\/product"}],"version-history":[{"count":0,"href":"https:\/\/coacep.com.co\/index.php?rest_route=\/wp\/v2\/product\/844\/revisions"}],"wp:featuredmedia":[{"embeddable":true,"href":"https:\/\/coacep.com.co\/index.php?rest_route=\/wp\/v2\/media\/845"}],"wp:attachment":[{"href":"https:\/\/coacep.com.co\/index.php?rest_route=%2Fwp%2Fv2%2Fmedia&parent=844"}],"wp:term":[{"taxonomy":"product_cat","embeddable":true,"href":"https:\/\/coacep.com.co\/index.php?rest_route=%2Fwp%2Fv2%2Fproduct_cat&post=844"},{"taxonomy":"product_tag","embeddable":true,"href":"https:\/\/coacep.com.co\/index.php?rest_route=%2Fwp%2Fv2%2Fproduct_tag&post=844"}],"curies":[{"name":"wp","href":"https:\/\/api.w.org\/{rel}","templated":true}]}}