{"id":863,"date":"2020-06-18T10:38:25","date_gmt":"2020-06-18T15:38:25","guid":{"rendered":"https:\/\/coacep.com.co\/?post_type=product&#038;p=863"},"modified":"2020-06-18T10:38:25","modified_gmt":"2020-06-18T15:38:25","slug":"cortador-remington-hc5850","status":"publish","type":"product","link":"https:\/\/coacep.com.co\/?product=cortador-remington-hc5850","title":{"rendered":"Cortador REMINGTON HC5850"},"content":{"rendered":"<ul>\n<li>Cortadora de cabello INDESTRUCTIBLE<\/li>\n<li>Cuchillas de precisi\u00f3n<\/li>\n<li>Nuevo motor s\u00faper magn\u00e9tico<\/li>\n<li>Mango de goma antideslizante<\/li>\n<\/ul>\n","protected":false},"excerpt":{"rendered":"<p>Cortadora de cabello INDESTRUCTIBLE Cuchillas de precisi\u00f3n Nuevo motor s\u00faper magn\u00e9tico Mango de goma antideslizante<\/p>\n","protected":false},"featured_media":864,"template":"","meta":[],"product_cat":[21],"product_tag":[],"_links":{"self":[{"href":"https:\/\/coacep.com.co\/index.php?rest_route=\/wp\/v2\/product\/863"}],"collection":[{"href":"https:\/\/coacep.com.co\/index.php?rest_route=\/wp\/v2\/product"}],"about":[{"href":"https:\/\/coacep.com.co\/index.php?rest_route=\/wp\/v2\/types\/product"}],"version-history":[{"count":0,"href":"https:\/\/coacep.com.co\/index.php?rest_route=\/wp\/v2\/product\/863\/revisions"}],"wp:featuredmedia":[{"embeddable":true,"href":"https:\/\/coacep.com.co\/index.php?rest_route=\/wp\/v2\/media\/864"}],"wp:attachment":[{"href":"https:\/\/coacep.com.co\/index.php?rest_route=%2Fwp%2Fv2%2Fmedia&parent=863"}],"wp:term":[{"taxonomy":"product_cat","embeddable":true,"href":"https:\/\/coacep.com.co\/index.php?rest_route=%2Fwp%2Fv2%2Fproduct_cat&post=863"},{"taxonomy":"product_tag","embeddable":true,"href":"https:\/\/coacep.com.co\/index.php?rest_route=%2Fwp%2Fv2%2Fproduct_tag&post=863"}],"curies":[{"name":"wp","href":"https:\/\/api.w.org\/{rel}","templated":true}]}}