{"id":896,"date":"2020-06-18T10:38:25","date_gmt":"2020-06-18T15:38:25","guid":{"rendered":"https:\/\/coacep.com.co\/?post_type=product&#038;p=896"},"modified":"2020-06-18T10:38:25","modified_gmt":"2020-06-18T15:38:25","slug":"estufa-abba-4-puestos-qa-sg4005-inox-torr-gp-negra","status":"publish","type":"product","link":"https:\/\/coacep.com.co\/?product=estufa-abba-4-puestos-qa-sg4005-inox-torr-gp-negra","title":{"rendered":"Estufa ABBA 4 puestos QA SG4005 inox torr gp negra"},"content":{"rendered":"<ul>\n<li>MEDIDAS: 51 x 13,4 x 58 cms (ANCHO X ALTO X FONDO)<\/li>\n<li>Mesa curva sellada con niveles antiderrame para f\u00e1cil limpieza, en acero inoxidable 430.<\/li>\n<li>Dos parrillas dobles en alambr\u00f3n porcelanizado.<\/li>\n<li>Perillas ergon\u00f3micas<\/li>\n<li>Quemadores (3 r\u00e1pidos y 1 ultra r\u00e1pido) con base en aluminio y tapas en acero porcelanizado, operados por v\u00e1lvulas de seguridad<\/li>\n<li>Tipo de estufa: Sobremesa<\/li>\n<li>Alimentaci\u00f3n: Gas natural<\/li>\n<li>Tipo de Cubierta: Acero Inoxidable<\/li>\n<li>Encendido de Quemadores: Manual<\/li>\n<\/ul>\n","protected":false},"excerpt":{"rendered":"<p>MEDIDAS: 51 x 13,4 x 58 cms (ANCHO X ALTO X FONDO) Mesa curva sellada con niveles antiderrame para f\u00e1cil limpieza, en acero inoxidable 430. Dos parrillas dobles en alambr\u00f3n porcelanizado. Perillas ergon\u00f3micas Quemadores (3 r\u00e1pidos y 1 ultra r\u00e1pido) con base en aluminio y tapas en acero porcelanizado, operados por v\u00e1lvulas de seguridad Tipo &#8230; <a title=\"Estufa ABBA 4 puestos QA SG4005 inox torr gp negra\" class=\"read-more\" href=\"https:\/\/coacep.com.co\/?product=estufa-abba-4-puestos-qa-sg4005-inox-torr-gp-negra\" aria-label=\"Leer m\u00e1s sobre Estufa ABBA 4 puestos QA SG4005 inox torr gp negra\">Leer m\u00e1s<\/a><\/p>\n","protected":false},"featured_media":897,"template":"","meta":[],"product_cat":[21],"product_tag":[],"_links":{"self":[{"href":"https:\/\/coacep.com.co\/index.php?rest_route=\/wp\/v2\/product\/896"}],"collection":[{"href":"https:\/\/coacep.com.co\/index.php?rest_route=\/wp\/v2\/product"}],"about":[{"href":"https:\/\/coacep.com.co\/index.php?rest_route=\/wp\/v2\/types\/product"}],"version-history":[{"count":0,"href":"https:\/\/coacep.com.co\/index.php?rest_route=\/wp\/v2\/product\/896\/revisions"}],"wp:featuredmedia":[{"embeddable":true,"href":"https:\/\/coacep.com.co\/index.php?rest_route=\/wp\/v2\/media\/897"}],"wp:attachment":[{"href":"https:\/\/coacep.com.co\/index.php?rest_route=%2Fwp%2Fv2%2Fmedia&parent=896"}],"wp:term":[{"taxonomy":"product_cat","embeddable":true,"href":"https:\/\/coacep.com.co\/index.php?rest_route=%2Fwp%2Fv2%2Fproduct_cat&post=896"},{"taxonomy":"product_tag","embeddable":true,"href":"https:\/\/coacep.com.co\/index.php?rest_route=%2Fwp%2Fv2%2Fproduct_tag&post=896"}],"curies":[{"name":"wp","href":"https:\/\/api.w.org\/{rel}","templated":true}]}}