{"id":915,"date":"2020-06-18T10:38:24","date_gmt":"2020-06-18T15:38:24","guid":{"rendered":"https:\/\/coacep.com.co\/?post_type=product&#038;p=915"},"modified":"2020-06-18T10:38:24","modified_gmt":"2020-06-18T15:38:24","slug":"estufa-abba-horno-4p-ab2016-inox-gp-plata","status":"publish","type":"product","link":"https:\/\/coacep.com.co\/?product=estufa-abba-horno-4p-ab2016-inox-gp-plata","title":{"rendered":"Estufa ABBA horno 4p ab2016 inox gp plata"},"content":{"rendered":"<ul>\n<li>Cuatro puestos<\/li>\n<li>Quemadores: (3 r\u00e1pidos y 1 ultra r\u00e1pido)<\/li>\n<li>Quemadores en aluminio, Gas propano<\/li>\n<li>Tapa en vidrio de seguridad<\/li>\n<li>Dos parrillas superiores dobles en alambr\u00f3n porcelanizado.<\/li>\n<li>Encendido electr\u00f3nico<\/li>\n<li>Horno a gas con 1 parrilla. Puerta horno con vidrio panor\u00e1mico reflectivo.<\/li>\n<li>Gratinador el\u00e9ctrico de 1000W a 120V<\/li>\n<\/ul>\n","protected":false},"excerpt":{"rendered":"<p>Cuatro puestos Quemadores: (3 r\u00e1pidos y 1 ultra r\u00e1pido) Quemadores en aluminio, Gas propano Tapa en vidrio de seguridad Dos parrillas superiores dobles en alambr\u00f3n porcelanizado. Encendido electr\u00f3nico Horno a gas con 1 parrilla. Puerta horno con vidrio panor\u00e1mico reflectivo. Gratinador el\u00e9ctrico de 1000W a 120V<\/p>\n","protected":false},"featured_media":916,"template":"","meta":[],"product_cat":[21],"product_tag":[],"_links":{"self":[{"href":"https:\/\/coacep.com.co\/index.php?rest_route=\/wp\/v2\/product\/915"}],"collection":[{"href":"https:\/\/coacep.com.co\/index.php?rest_route=\/wp\/v2\/product"}],"about":[{"href":"https:\/\/coacep.com.co\/index.php?rest_route=\/wp\/v2\/types\/product"}],"version-history":[{"count":0,"href":"https:\/\/coacep.com.co\/index.php?rest_route=\/wp\/v2\/product\/915\/revisions"}],"wp:featuredmedia":[{"embeddable":true,"href":"https:\/\/coacep.com.co\/index.php?rest_route=\/wp\/v2\/media\/916"}],"wp:attachment":[{"href":"https:\/\/coacep.com.co\/index.php?rest_route=%2Fwp%2Fv2%2Fmedia&parent=915"}],"wp:term":[{"taxonomy":"product_cat","embeddable":true,"href":"https:\/\/coacep.com.co\/index.php?rest_route=%2Fwp%2Fv2%2Fproduct_cat&post=915"},{"taxonomy":"product_tag","embeddable":true,"href":"https:\/\/coacep.com.co\/index.php?rest_route=%2Fwp%2Fv2%2Fproduct_tag&post=915"}],"curies":[{"name":"wp","href":"https:\/\/api.w.org\/{rel}","templated":true}]}}