{"id":937,"date":"2020-06-29T14:43:40","date_gmt":"2020-06-29T19:43:40","guid":{"rendered":"https:\/\/coacep.com.co\/?post_type=product&#038;p=937"},"modified":"2020-06-29T14:43:40","modified_gmt":"2020-06-29T19:43:40","slug":"estufa-mabe-de-empotrar-cmg6044km","status":"publish","type":"product","link":"https:\/\/coacep.com.co\/?product=estufa-mabe-de-empotrar-cmg6044km","title":{"rendered":"Estufa MABE de empotrar cmg6044km"},"content":{"rendered":"<ul>\n<li>Adaptable a gas natural o gas propano<\/li>\n<li>Acero inoxidable<\/li>\n<li>4 quemadores de cocci\u00f3n r\u00e1pidos<\/li>\n<li>2 parrillas en acero esmaltado indeformables<\/li>\n<li>4 perillas laterales con encendido manual<\/li>\n<li>F\u00e1cil manipulaci\u00f3n<\/li>\n<li>Quemadores multitama\u00f1o: se ajustan a las diferentes tipos de ollas y recipiente, lo que ahorra gas<\/li>\n<li>Dimensiones: 9,5x60x44 cm<\/li>\n<li>Peso:8,5 kg<\/li>\n<\/ul>\n","protected":false},"excerpt":{"rendered":"<p>Adaptable a gas natural o gas propano Acero inoxidable 4 quemadores de cocci\u00f3n r\u00e1pidos 2 parrillas en acero esmaltado indeformables 4 perillas laterales con encendido manual F\u00e1cil manipulaci\u00f3n Quemadores multitama\u00f1o: se ajustan a las diferentes tipos de ollas y recipiente, lo que ahorra gas Dimensiones: 9,5x60x44 cm Peso:8,5 kg<\/p>\n","protected":false},"featured_media":934,"template":"","meta":[],"product_cat":[21],"product_tag":[],"_links":{"self":[{"href":"https:\/\/coacep.com.co\/index.php?rest_route=\/wp\/v2\/product\/937"}],"collection":[{"href":"https:\/\/coacep.com.co\/index.php?rest_route=\/wp\/v2\/product"}],"about":[{"href":"https:\/\/coacep.com.co\/index.php?rest_route=\/wp\/v2\/types\/product"}],"version-history":[{"count":0,"href":"https:\/\/coacep.com.co\/index.php?rest_route=\/wp\/v2\/product\/937\/revisions"}],"wp:featuredmedia":[{"embeddable":true,"href":"https:\/\/coacep.com.co\/index.php?rest_route=\/wp\/v2\/media\/934"}],"wp:attachment":[{"href":"https:\/\/coacep.com.co\/index.php?rest_route=%2Fwp%2Fv2%2Fmedia&parent=937"}],"wp:term":[{"taxonomy":"product_cat","embeddable":true,"href":"https:\/\/coacep.com.co\/index.php?rest_route=%2Fwp%2Fv2%2Fproduct_cat&post=937"},{"taxonomy":"product_tag","embeddable":true,"href":"https:\/\/coacep.com.co\/index.php?rest_route=%2Fwp%2Fv2%2Fproduct_tag&post=937"}],"curies":[{"name":"wp","href":"https:\/\/api.w.org\/{rel}","templated":true}]}}