{"id":947,"date":"2020-06-29T14:43:39","date_gmt":"2020-06-29T19:43:39","guid":{"rendered":"https:\/\/coacep.com.co\/?post_type=product&#038;p=947"},"modified":"2020-06-29T14:43:39","modified_gmt":"2020-06-29T19:43:39","slug":"extractor-de-jugo-oster-3168","status":"publish","type":"product","link":"https:\/\/coacep.com.co\/?product=extractor-de-jugo-oster-3168","title":{"rendered":"Extractor de jugo OSTER 3168"},"content":{"rendered":"<ul>\n<li>Tubo de alimentaci\u00f3n extra grande para introducir f\u00e1cil y r\u00e1pidamente<\/li>\n<li>Palanca de seguridad de un solo movimiento para una mayor protecci\u00f3n y facilidad<\/li>\n<li>Tubo de alimentaci\u00f3n removible para f\u00e1cil limpieza y c\u00f3modo almacenaje<\/li>\n<li>Filtro completamente de acero inoxidable dise\u00f1ado m\u00e1s robusto para mayor durabilidad<\/li>\n<li>Poderoso motor de 600 watts para trabajos pesados<\/li>\n<li>Jarra de gran capacidad que le permite extraer hasta 1 litro de jugo para su conveniencia. Envase para la pulpa de gran capacidad<\/li>\n<li>Sistema de componentes f\u00e1cil de desarmar para una c\u00f3moda y r\u00e1pida limpieza, hasta en el lavaplatos autom\u00e1tico<\/li>\n<\/ul>\n","protected":false},"excerpt":{"rendered":"<p>Tubo de alimentaci\u00f3n extra grande para introducir f\u00e1cil y r\u00e1pidamente Palanca de seguridad de un solo movimiento para una mayor protecci\u00f3n y facilidad Tubo de alimentaci\u00f3n removible para f\u00e1cil limpieza y c\u00f3modo almacenaje Filtro completamente de acero inoxidable dise\u00f1ado m\u00e1s robusto para mayor durabilidad Poderoso motor de 600 watts para trabajos pesados Jarra de gran &#8230; <a title=\"Extractor de jugo OSTER 3168\" class=\"read-more\" href=\"https:\/\/coacep.com.co\/?product=extractor-de-jugo-oster-3168\" aria-label=\"Leer m\u00e1s sobre Extractor de jugo OSTER 3168\">Leer m\u00e1s<\/a><\/p>\n","protected":false},"featured_media":948,"template":"","meta":[],"product_cat":[21],"product_tag":[],"_links":{"self":[{"href":"https:\/\/coacep.com.co\/index.php?rest_route=\/wp\/v2\/product\/947"}],"collection":[{"href":"https:\/\/coacep.com.co\/index.php?rest_route=\/wp\/v2\/product"}],"about":[{"href":"https:\/\/coacep.com.co\/index.php?rest_route=\/wp\/v2\/types\/product"}],"version-history":[{"count":0,"href":"https:\/\/coacep.com.co\/index.php?rest_route=\/wp\/v2\/product\/947\/revisions"}],"wp:featuredmedia":[{"embeddable":true,"href":"https:\/\/coacep.com.co\/index.php?rest_route=\/wp\/v2\/media\/948"}],"wp:attachment":[{"href":"https:\/\/coacep.com.co\/index.php?rest_route=%2Fwp%2Fv2%2Fmedia&parent=947"}],"wp:term":[{"taxonomy":"product_cat","embeddable":true,"href":"https:\/\/coacep.com.co\/index.php?rest_route=%2Fwp%2Fv2%2Fproduct_cat&post=947"},{"taxonomy":"product_tag","embeddable":true,"href":"https:\/\/coacep.com.co\/index.php?rest_route=%2Fwp%2Fv2%2Fproduct_tag&post=947"}],"curies":[{"name":"wp","href":"https:\/\/api.w.org\/{rel}","templated":true}]}}