{"id":951,"date":"2020-06-29T14:43:39","date_gmt":"2020-06-29T19:43:39","guid":{"rendered":"https:\/\/coacep.com.co\/?post_type=product&#038;p=951"},"modified":"2020-06-29T14:43:39","modified_gmt":"2020-06-29T19:43:39","slug":"extractor-oster-xl-317r-rojo","status":"publish","type":"product","link":"https:\/\/coacep.com.co\/?product=extractor-oster-xl-317r-rojo","title":{"rendered":"Extractor OSTER XL 317R rojo"},"content":{"rendered":"<ul>\n<li>Liltro de acero inoxidable con revestimiento especial antiadherente para una f\u00e1cil limpieza sin necesidad de restregar<\/li>\n<li>Tubo de alimentaci\u00f3n conveniente y extra grande, para introducir de manera f\u00e1cil y r\u00e1pida vegetales y frutas enteras<\/li>\n<li>Poderoso motor para m\u00e1xima extracci\u00f3n de jugo incluso de las frutas y vegetales m\u00e1s duros<\/li>\n<li>Brazo de seguridad de acero inoxidable garantiza que el extractor de jugo s\u00f3lo funcione cuando est\u00e9 cerrado<\/li>\n<li>Perilla de control con dos velocidades te permite elegir la velocidad adecuada para una \u00f3ptima extracci\u00f3n de jugo<\/li>\n<li>Envase para la pulpa de gran capacidad para mayor productividad<\/li>\n<li>Jarra con capacidad para extraer hasta 1,25 litros (42 onzas) de jugo a la vez Las superficies en contacto directo con los alimentos son libre de BPA (bisfenol-A)<\/li>\n<\/ul>\n","protected":false},"excerpt":{"rendered":"<p>Liltro de acero inoxidable con revestimiento especial antiadherente para una f\u00e1cil limpieza sin necesidad de restregar Tubo de alimentaci\u00f3n conveniente y extra grande, para introducir de manera f\u00e1cil y r\u00e1pida vegetales y frutas enteras Poderoso motor para m\u00e1xima extracci\u00f3n de jugo incluso de las frutas y vegetales m\u00e1s duros Brazo de seguridad de acero inoxidable &#8230; <a title=\"Extractor OSTER XL 317R rojo\" class=\"read-more\" href=\"https:\/\/coacep.com.co\/?product=extractor-oster-xl-317r-rojo\" aria-label=\"Leer m\u00e1s sobre Extractor OSTER XL 317R rojo\">Leer m\u00e1s<\/a><\/p>\n","protected":false},"featured_media":952,"template":"","meta":[],"product_cat":[21],"product_tag":[],"_links":{"self":[{"href":"https:\/\/coacep.com.co\/index.php?rest_route=\/wp\/v2\/product\/951"}],"collection":[{"href":"https:\/\/coacep.com.co\/index.php?rest_route=\/wp\/v2\/product"}],"about":[{"href":"https:\/\/coacep.com.co\/index.php?rest_route=\/wp\/v2\/types\/product"}],"version-history":[{"count":0,"href":"https:\/\/coacep.com.co\/index.php?rest_route=\/wp\/v2\/product\/951\/revisions"}],"wp:featuredmedia":[{"embeddable":true,"href":"https:\/\/coacep.com.co\/index.php?rest_route=\/wp\/v2\/media\/952"}],"wp:attachment":[{"href":"https:\/\/coacep.com.co\/index.php?rest_route=%2Fwp%2Fv2%2Fmedia&parent=951"}],"wp:term":[{"taxonomy":"product_cat","embeddable":true,"href":"https:\/\/coacep.com.co\/index.php?rest_route=%2Fwp%2Fv2%2Fproduct_cat&post=951"},{"taxonomy":"product_tag","embeddable":true,"href":"https:\/\/coacep.com.co\/index.php?rest_route=%2Fwp%2Fv2%2Fproduct_tag&post=951"}],"curies":[{"name":"wp","href":"https:\/\/api.w.org\/{rel}","templated":true}]}}