{"id":956,"date":"2020-06-29T14:43:39","date_gmt":"2020-06-29T19:43:39","guid":{"rendered":"https:\/\/coacep.com.co\/?post_type=product&#038;p=956"},"modified":"2020-06-29T14:43:39","modified_gmt":"2020-06-29T19:43:39","slug":"hidrolavadora-kalley-k-hl14r","status":"publish","type":"product","link":"https:\/\/coacep.com.co\/?product=hidrolavadora-kalley-k-hl14r","title":{"rendered":"Hidrolavadora KALLEY k-hl14r"},"content":{"rendered":"<ul>\n<li>Potencia 1400W<\/li>\n<li>Presi\u00f3n de Agua 1520 psi<\/li>\n<li>Dep\u00f3sito de Detergente SI<\/li>\n<li>Ahorra 80% de Agua que una manguera com\u00fan, puedes usarla continuamente hasta durante 30 minutos<\/li>\n<\/ul>\n","protected":false},"excerpt":{"rendered":"<p>Potencia 1400W Presi\u00f3n de Agua 1520 psi Dep\u00f3sito de Detergente SI Ahorra 80% de Agua que una manguera com\u00fan, puedes usarla continuamente hasta durante 30 minutos<\/p>\n","protected":false},"featured_media":955,"template":"","meta":[],"product_cat":[21],"product_tag":[],"_links":{"self":[{"href":"https:\/\/coacep.com.co\/index.php?rest_route=\/wp\/v2\/product\/956"}],"collection":[{"href":"https:\/\/coacep.com.co\/index.php?rest_route=\/wp\/v2\/product"}],"about":[{"href":"https:\/\/coacep.com.co\/index.php?rest_route=\/wp\/v2\/types\/product"}],"version-history":[{"count":0,"href":"https:\/\/coacep.com.co\/index.php?rest_route=\/wp\/v2\/product\/956\/revisions"}],"wp:featuredmedia":[{"embeddable":true,"href":"https:\/\/coacep.com.co\/index.php?rest_route=\/wp\/v2\/media\/955"}],"wp:attachment":[{"href":"https:\/\/coacep.com.co\/index.php?rest_route=%2Fwp%2Fv2%2Fmedia&parent=956"}],"wp:term":[{"taxonomy":"product_cat","embeddable":true,"href":"https:\/\/coacep.com.co\/index.php?rest_route=%2Fwp%2Fv2%2Fproduct_cat&post=956"},{"taxonomy":"product_tag","embeddable":true,"href":"https:\/\/coacep.com.co\/index.php?rest_route=%2Fwp%2Fv2%2Fproduct_tag&post=956"}],"curies":[{"name":"wp","href":"https:\/\/api.w.org\/{rel}","templated":true}]}}